{"id":8,"date":"2021-02-22T11:00:33","date_gmt":"2021-02-22T09:00:33","guid":{"rendered":"https:\/\/cafebryggan.fi\/?page_id=8"},"modified":"2025-02-17T14:48:53","modified_gmt":"2025-02-17T12:48:53","slug":"oja-byacenter","status":"publish","type":"page","link":"https:\/\/cafebryggan.fi\/?page_id=8","title":{"rendered":"\u00d6ja Byacenter"},"content":{"rendered":"\n<div class=\"wp-block-cover is-light\"><span aria-hidden=\"true\" class=\"wp-block-cover__background has-nv-dark-bg-background-color has-background-dim-10 has-background-dim\"><\/span><img fetchpriority=\"high\" decoding=\"async\" width=\"1200\" height=\"800\" class=\"wp-block-cover__image-background wp-image-40\" alt=\"\" src=\"https:\/\/cafebryggan.fi\/wp-content\/uploads\/2021\/02\/byacenter.jpg\" style=\"object-position:55% 89%\" data-object-fit=\"cover\" data-object-position=\"55% 89%\" srcset=\"https:\/\/cafebryggan.fi\/wp-content\/uploads\/2021\/02\/byacenter.jpg 1200w, https:\/\/cafebryggan.fi\/wp-content\/uploads\/2021\/02\/byacenter-300x200.jpg 300w, https:\/\/cafebryggan.fi\/wp-content\/uploads\/2021\/02\/byacenter-1024x683.jpg 1024w, https:\/\/cafebryggan.fi\/wp-content\/uploads\/2021\/02\/byacenter-768x512.jpg 768w, https:\/\/cafebryggan.fi\/wp-content\/uploads\/2021\/02\/byacenter-930x620.jpg 930w\" sizes=\"(max-width: 1200px) 100vw, 1200px\" \/><div class=\"wp-block-cover__inner-container is-layout-flow wp-block-cover-is-layout-flow\">\n<h4 class=\"wp-block-heading has-text-align-center has-nv-site-bg-color has-text-color\" id=\"block-e27059ff-f543-4cc0-8fa1-e4dea7cb7e5f\"><\/h4>\n<\/div><\/div>\n\n\n\n<hr class=\"wp-block-separator has-css-opacity is-style-default\"\/>\n\n\n\n<p class=\"has-text-align-center\">Best\u00e4llningsrestaurangen i \u00d6ja Byacenter erbjuder natursk\u00f6n omgivning och vacker utsikt <br>samt h\u00f6gklassig mat- och festservice \u00e5ret runt.<\/p>\n\n\n\n<p class=\"has-text-align-center\">Med v\u00e5r hj\u00e4lp och med m\u00e5ngfunktionela lokaler lyckar du f\u00e5 en of\u00f6rgl\u00f6mlig fest eller ett lyckat evenemang, i stort som sm\u00e5tt. <br>Genom gott samarbete ser vi till att era g\u00e4ster trivs och njuter av delikat mat. <\/p>\n\n\n\n<p class=\"has-text-align-center\">Sommarcaf\u00e9, restaurang, simstrand, g\u00e4sthamn och vandringsleder.<br>Bekanta dig \u00e4ven med v\u00e5ra f\u00f6retags- och festtj\u00e4nster.&nbsp;<\/p>\n\n\n\n<hr class=\"wp-block-separator has-css-opacity\"\/>\n\n\n\n<div class=\"wp-block-columns is-layout-flex wp-container-core-columns-is-layout-9d6595d7 wp-block-columns-is-layout-flex\">\n<div class=\"wp-block-column is-layout-flow wp-block-column-is-layout-flow\" style=\"flex-basis:100%\">\n<div class=\"wp-block-columns is-layout-flex wp-container-core-columns-is-layout-9d6595d7 wp-block-columns-is-layout-flex\">\n<div class=\"wp-block-column is-layout-flow wp-block-column-is-layout-flow\" style=\"flex-basis:100%\">\n<figure class=\"wp-block-gallery has-nested-images columns-default is-cropped wp-block-gallery-1 is-layout-flex wp-block-gallery-is-layout-flex\">\n<figure class=\"wp-block-image size-large\"><img decoding=\"async\" width=\"1024\" height=\"683\" data-id=\"112\" src=\"https:\/\/cafebryggan.fi\/wp-content\/uploads\/2021\/02\/IMG_7535-1024x683.jpg\" alt=\"\" class=\"wp-image-112\" srcset=\"https:\/\/cafebryggan.fi\/wp-content\/uploads\/2021\/02\/IMG_7535-1024x683.jpg 1024w, https:\/\/cafebryggan.fi\/wp-content\/uploads\/2021\/02\/IMG_7535-300x200.jpg 300w, https:\/\/cafebryggan.fi\/wp-content\/uploads\/2021\/02\/IMG_7535-768x512.jpg 768w, https:\/\/cafebryggan.fi\/wp-content\/uploads\/2021\/02\/IMG_7535-930x620.jpg 930w, https:\/\/cafebryggan.fi\/wp-content\/uploads\/2021\/02\/IMG_7535.jpg 1200w\" sizes=\"(max-width: 1024px) 100vw, 1024px\" \/><\/figure>\n\n\n\n<figure class=\"wp-block-image size-large\"><img decoding=\"async\" width=\"1024\" height=\"683\" data-id=\"128\" src=\"https:\/\/cafebryggan.fi\/wp-content\/uploads\/2021\/02\/IMG_2916-1024x683.jpg\" alt=\"\" class=\"wp-image-128\" srcset=\"https:\/\/cafebryggan.fi\/wp-content\/uploads\/2021\/02\/IMG_2916-1024x683.jpg 1024w, https:\/\/cafebryggan.fi\/wp-content\/uploads\/2021\/02\/IMG_2916-300x200.jpg 300w, https:\/\/cafebryggan.fi\/wp-content\/uploads\/2021\/02\/IMG_2916-768x512.jpg 768w, https:\/\/cafebryggan.fi\/wp-content\/uploads\/2021\/02\/IMG_2916-930x620.jpg 930w, https:\/\/cafebryggan.fi\/wp-content\/uploads\/2021\/02\/IMG_2916.jpg 1200w\" sizes=\"(max-width: 1024px) 100vw, 1024px\" \/><\/figure>\n\n\n\n<figure class=\"wp-block-image size-large\"><img loading=\"lazy\" decoding=\"async\" width=\"1024\" height=\"683\" data-id=\"40\" src=\"https:\/\/cafebryggan.fi\/wp-content\/uploads\/2021\/02\/byacenter-1024x683.jpg\" alt=\"\" class=\"wp-image-40\" srcset=\"https:\/\/cafebryggan.fi\/wp-content\/uploads\/2021\/02\/byacenter-1024x683.jpg 1024w, https:\/\/cafebryggan.fi\/wp-content\/uploads\/2021\/02\/byacenter-300x200.jpg 300w, https:\/\/cafebryggan.fi\/wp-content\/uploads\/2021\/02\/byacenter-768x512.jpg 768w, https:\/\/cafebryggan.fi\/wp-content\/uploads\/2021\/02\/byacenter-930x620.jpg 930w, https:\/\/cafebryggan.fi\/wp-content\/uploads\/2021\/02\/byacenter.jpg 1200w\" sizes=\"(max-width: 1024px) 100vw, 1024px\" \/><\/figure>\n<\/figure>\n<\/div>\n<\/div>\n<\/div>\n<\/div>\n","protected":false},"excerpt":{"rendered":"<p>Best\u00e4llningsrestaurangen i \u00d6ja Byacenter erbjuder natursk\u00f6n omgivning och vacker utsikt samt h\u00f6gklassig mat- och festservice \u00e5ret runt. Med v\u00e5r hj\u00e4lp och med m\u00e5ngfunktionela lokaler lyckar du f\u00e5 en of\u00f6rgl\u00f6mlig fest eller ett lyckat evenemang, i stort som sm\u00e5tt. Genom gott samarbete ser vi till att era g\u00e4ster trivs och njuter av delikat mat. Sommarcaf\u00e9, restaurang,&hellip;&nbsp;<a href=\"https:\/\/cafebryggan.fi\/?page_id=8\" rel=\"bookmark\">Lue lis\u00e4\u00e4 &raquo;<span class=\"screen-reader-text\">\u00d6ja Byacenter<\/span><\/a><\/p>\n","protected":false},"author":2,"featured_media":0,"parent":0,"menu_order":0,"comment_status":"closed","ping_status":"closed","template":"","meta":{"neve_meta_sidebar":"full-width","neve_meta_container":"","neve_meta_enable_content_width":"on","neve_meta_content_width":100,"neve_meta_title_alignment":"","neve_meta_author_avatar":"","neve_post_elements_order":"","neve_meta_disable_header":"","neve_meta_disable_footer":"","neve_meta_disable_title":"","footnotes":""},"class_list":["post-8","page","type-page","status-publish","hentry"],"_links":{"self":[{"href":"https:\/\/cafebryggan.fi\/index.php?rest_route=\/wp\/v2\/pages\/8","targetHints":{"allow":["GET"]}}],"collection":[{"href":"https:\/\/cafebryggan.fi\/index.php?rest_route=\/wp\/v2\/pages"}],"about":[{"href":"https:\/\/cafebryggan.fi\/index.php?rest_route=\/wp\/v2\/types\/page"}],"author":[{"embeddable":true,"href":"https:\/\/cafebryggan.fi\/index.php?rest_route=\/wp\/v2\/users\/2"}],"replies":[{"embeddable":true,"href":"https:\/\/cafebryggan.fi\/index.php?rest_route=%2Fwp%2Fv2%2Fcomments&post=8"}],"version-history":[{"count":13,"href":"https:\/\/cafebryggan.fi\/index.php?rest_route=\/wp\/v2\/pages\/8\/revisions"}],"predecessor-version":[{"id":1212,"href":"https:\/\/cafebryggan.fi\/index.php?rest_route=\/wp\/v2\/pages\/8\/revisions\/1212"}],"wp:attachment":[{"href":"https:\/\/cafebryggan.fi\/index.php?rest_route=%2Fwp%2Fv2%2Fmedia&parent=8"}],"curies":[{"name":"wp","href":"https:\/\/api.w.org\/{rel}","templated":true}]}}