{"id":66,"date":"2021-02-22T19:55:00","date_gmt":"2021-02-22T17:55:00","guid":{"rendered":"https:\/\/cafebryggan.fi\/?page_id=66"},"modified":"2025-02-17T14:49:27","modified_gmt":"2025-02-17T12:49:27","slug":"sundholms-gard","status":"publish","type":"page","link":"https:\/\/cafebryggan.fi\/?page_id=66","title":{"rendered":"Sundholms G\u00e5rd"},"content":{"rendered":"\n<div class=\"wp-block-cover is-light\"><span aria-hidden=\"true\" class=\"wp-block-cover__background has-neve-text-color-background-color has-background-dim-30 has-background-dim\"><\/span><img fetchpriority=\"high\" decoding=\"async\" width=\"1707\" height=\"2560\" class=\"wp-block-cover__image-background wp-image-67\" alt=\"\" src=\"https:\/\/cafebryggan.fi\/wp-content\/uploads\/2021\/02\/IMG_9016-scaled.jpg\" style=\"object-position:51% 43%\" data-object-fit=\"cover\" data-object-position=\"51% 43%\" srcset=\"https:\/\/cafebryggan.fi\/wp-content\/uploads\/2021\/02\/IMG_9016-scaled.jpg 1707w, https:\/\/cafebryggan.fi\/wp-content\/uploads\/2021\/02\/IMG_9016-200x300.jpg 200w, https:\/\/cafebryggan.fi\/wp-content\/uploads\/2021\/02\/IMG_9016-683x1024.jpg 683w, https:\/\/cafebryggan.fi\/wp-content\/uploads\/2021\/02\/IMG_9016-768x1152.jpg 768w, https:\/\/cafebryggan.fi\/wp-content\/uploads\/2021\/02\/IMG_9016-1024x1536.jpg 1024w, https:\/\/cafebryggan.fi\/wp-content\/uploads\/2021\/02\/IMG_9016-1365x2048.jpg 1365w\" sizes=\"(max-width: 1707px) 100vw, 1707px\" \/><div class=\"wp-block-cover__inner-container is-layout-flow wp-block-cover-is-layout-flow\">\n<p class=\"has-text-align-center has-large-font-size\">Bo p\u00e5 landet! <\/p>\n<\/div><\/div>\n\n\n\n<p class=\"has-text-align-center\">Sundholms G\u00e5rd \u00e4r ett vackert renoverat gammalt hus mitt i landsbygden, n\u00e4ra till havet.<br>B\u00e4ddplatser finns f\u00f6r 8 personer, alldeles vid knuten finns en vandringsled och simstrand.<br><a href=\"http:\/\/sundholms.com\/sv\/hem\/\" data-type=\"URL\" data-id=\"http:\/\/sundholms.com\/sv\/hem\/\">Bes\u00f6ka Sundholms g\u00e5rd hemsida och boka dig en sk\u00f6n semester i \u00d6ja!<\/a><br><\/p>\n\n\n\n<figure class=\"wp-block-gallery has-nested-images columns-default is-cropped wp-block-gallery-1 is-layout-flex wp-block-gallery-is-layout-flex\">\n<figure class=\"wp-block-image size-large\"><img decoding=\"async\" width=\"1024\" height=\"683\" data-id=\"151\" src=\"https:\/\/cafebryggan.fi\/wp-content\/uploads\/2021\/03\/IMG_9104-1024x683.jpg\" alt=\"\" class=\"wp-image-151\" srcset=\"https:\/\/cafebryggan.fi\/wp-content\/uploads\/2021\/03\/IMG_9104-1024x683.jpg 1024w, https:\/\/cafebryggan.fi\/wp-content\/uploads\/2021\/03\/IMG_9104-300x200.jpg 300w, https:\/\/cafebryggan.fi\/wp-content\/uploads\/2021\/03\/IMG_9104-768x512.jpg 768w, https:\/\/cafebryggan.fi\/wp-content\/uploads\/2021\/03\/IMG_9104-930x620.jpg 930w, https:\/\/cafebryggan.fi\/wp-content\/uploads\/2021\/03\/IMG_9104.jpg 1200w\" sizes=\"(max-width: 1024px) 100vw, 1024px\" \/><\/figure>\n\n\n\n<figure class=\"wp-block-image size-large\"><img decoding=\"async\" width=\"683\" height=\"1024\" data-id=\"279\" src=\"https:\/\/cafebryggan.fi\/wp-content\/uploads\/2021\/03\/3L3A8793-683x1024.jpg\" alt=\"\" class=\"wp-image-279\" srcset=\"https:\/\/cafebryggan.fi\/wp-content\/uploads\/2021\/03\/3L3A8793-683x1024.jpg 683w, https:\/\/cafebryggan.fi\/wp-content\/uploads\/2021\/03\/3L3A8793-200x300.jpg 200w, https:\/\/cafebryggan.fi\/wp-content\/uploads\/2021\/03\/3L3A8793-768x1152.jpg 768w, https:\/\/cafebryggan.fi\/wp-content\/uploads\/2021\/03\/3L3A8793-1024x1536.jpg 1024w, https:\/\/cafebryggan.fi\/wp-content\/uploads\/2021\/03\/3L3A8793-1365x2048.jpg 1365w, https:\/\/cafebryggan.fi\/wp-content\/uploads\/2021\/03\/3L3A8793-scaled.jpg 1707w\" sizes=\"(max-width: 683px) 100vw, 683px\" \/><\/figure>\n\n\n\n<figure class=\"wp-block-image size-large\"><img loading=\"lazy\" decoding=\"async\" width=\"1024\" height=\"683\" data-id=\"280\" src=\"https:\/\/cafebryggan.fi\/wp-content\/uploads\/2021\/03\/3L3A8783-1024x683.jpg\" alt=\"\" class=\"wp-image-280\" srcset=\"https:\/\/cafebryggan.fi\/wp-content\/uploads\/2021\/03\/3L3A8783-1024x683.jpg 1024w, https:\/\/cafebryggan.fi\/wp-content\/uploads\/2021\/03\/3L3A8783-300x200.jpg 300w, https:\/\/cafebryggan.fi\/wp-content\/uploads\/2021\/03\/3L3A8783-768x512.jpg 768w, https:\/\/cafebryggan.fi\/wp-content\/uploads\/2021\/03\/3L3A8783-1536x1024.jpg 1536w, https:\/\/cafebryggan.fi\/wp-content\/uploads\/2021\/03\/3L3A8783-2048x1365.jpg 2048w, https:\/\/cafebryggan.fi\/wp-content\/uploads\/2021\/03\/3L3A8783-930x620.jpg 930w\" sizes=\"(max-width: 1024px) 100vw, 1024px\" \/><\/figure>\n<\/figure>\n","protected":false},"excerpt":{"rendered":"<p>Sundholms G\u00e5rd \u00e4r ett vackert renoverat gammalt hus mitt i landsbygden, n\u00e4ra till havet.B\u00e4ddplatser finns f\u00f6r 8 personer, alldeles vid knuten finns en vandringsled och simstrand.Bes\u00f6ka Sundholms g\u00e5rd hemsida och boka dig en sk\u00f6n semester i \u00d6ja!<\/p>\n","protected":false},"author":2,"featured_media":0,"parent":0,"menu_order":0,"comment_status":"closed","ping_status":"closed","template":"","meta":{"neve_meta_sidebar":"full-width","neve_meta_container":"","neve_meta_enable_content_width":"on","neve_meta_content_width":100,"neve_meta_title_alignment":"","neve_meta_author_avatar":"","neve_post_elements_order":"","neve_meta_disable_header":"","neve_meta_disable_footer":"","neve_meta_disable_title":"","footnotes":""},"class_list":["post-66","page","type-page","status-publish","hentry"],"_links":{"self":[{"href":"https:\/\/cafebryggan.fi\/index.php?rest_route=\/wp\/v2\/pages\/66","targetHints":{"allow":["GET"]}}],"collection":[{"href":"https:\/\/cafebryggan.fi\/index.php?rest_route=\/wp\/v2\/pages"}],"about":[{"href":"https:\/\/cafebryggan.fi\/index.php?rest_route=\/wp\/v2\/types\/page"}],"author":[{"embeddable":true,"href":"https:\/\/cafebryggan.fi\/index.php?rest_route=\/wp\/v2\/users\/2"}],"replies":[{"embeddable":true,"href":"https:\/\/cafebryggan.fi\/index.php?rest_route=%2Fwp%2Fv2%2Fcomments&post=66"}],"version-history":[{"count":6,"href":"https:\/\/cafebryggan.fi\/index.php?rest_route=\/wp\/v2\/pages\/66\/revisions"}],"predecessor-version":[{"id":1213,"href":"https:\/\/cafebryggan.fi\/index.php?rest_route=\/wp\/v2\/pages\/66\/revisions\/1213"}],"wp:attachment":[{"href":"https:\/\/cafebryggan.fi\/index.php?rest_route=%2Fwp%2Fv2%2Fmedia&parent=66"}],"curies":[{"name":"wp","href":"https:\/\/api.w.org\/{rel}","templated":true}]}}