{"id":6,"date":"2021-02-22T10:59:48","date_gmt":"2021-02-22T08:59:48","guid":{"rendered":"https:\/\/cafebryggan.fi\/?page_id=6"},"modified":"2025-08-25T17:22:09","modified_gmt":"2025-08-25T14:22:09","slug":"cafe-bryggan","status":"publish","type":"page","link":"https:\/\/cafebryggan.fi\/?page_id=6","title":{"rendered":"Cafe Bryggan"},"content":{"rendered":"\n<div class=\"wp-block-cover\"><img fetchpriority=\"high\" decoding=\"async\" width=\"2560\" height=\"1707\" class=\"wp-block-cover__image-background wp-image-1210\" alt=\"\" src=\"https:\/\/cafebryggan.fi\/wp-content\/uploads\/2025\/02\/CG3A2995-scaled.jpg\" data-object-fit=\"cover\" srcset=\"https:\/\/cafebryggan.fi\/wp-content\/uploads\/2025\/02\/CG3A2995-scaled.jpg 2560w, https:\/\/cafebryggan.fi\/wp-content\/uploads\/2025\/02\/CG3A2995-300x200.jpg 300w, https:\/\/cafebryggan.fi\/wp-content\/uploads\/2025\/02\/CG3A2995-1024x683.jpg 1024w, https:\/\/cafebryggan.fi\/wp-content\/uploads\/2025\/02\/CG3A2995-768x512.jpg 768w, https:\/\/cafebryggan.fi\/wp-content\/uploads\/2025\/02\/CG3A2995-1536x1024.jpg 1536w, https:\/\/cafebryggan.fi\/wp-content\/uploads\/2025\/02\/CG3A2995-2048x1365.jpg 2048w, https:\/\/cafebryggan.fi\/wp-content\/uploads\/2025\/02\/CG3A2995-930x620.jpg 930w\" sizes=\"(max-width: 2560px) 100vw, 2560px\" \/><span aria-hidden=\"true\" class=\"wp-block-cover__background has-neve-link-hover-color-background-color has-background-dim-0 has-background-dim\"><\/span><div class=\"wp-block-cover__inner-container is-layout-flow wp-block-cover-is-layout-flow\">\n<p class=\"has-text-align-center has-large-font-size\"><br><\/p>\n<\/div><\/div>\n\n\n\n<h2 class=\"wp-block-heading has-text-align-center\">Upplevelser och god mat i natursk\u00f6n omgivning \u00e5ret runt!<\/h2>\n\n\n\n<p class=\"has-text-align-center\">V\u00e5ra m\u00e5ngsidiga tj\u00e4nster och den fina sk\u00e4rg\u00e5rdsmilj\u00f6n<br> ger dig en njutbar dag- \u00e5ret runt!<br>Caf\u00e9 Bryggan \u00e4r inte endast ett sommarcaf\u00e9, <br>vi erbjuder \u00e4ven cateringstj\u00e4nster och<br>utrymmen f\u00f6r olika fester och evenemang.<br>Storartade naturupplevelser med guide erbjuds \u00e5t grupper av olika slag.<br>Kontakta oss f\u00f6r att boka en sk\u00e4rg\u00e5rdsupplevelse f\u00f6r din grupp info@cafebryggan.fi <\/p>\n\n\n\n<p class=\"has-text-align-center\">\u00d6ppettider:<br>Vi har st\u00e4ngt f\u00f6r sommaren 2025<\/p>\n\n\n\n<p><\/p>\n\n\n\n<p class=\"has-text-align-center\"><br>Vi har \u00f6ppet \u00e5t grupper, ta kontakt via info@cafebryggan.fi s\u00e5 f\u00e5r ni mer info.<\/p>\n\n\n\n<p class=\"has-text-align-center\">V\u00e4lkommen! Tervetuloa!<\/p>\n\n\n\n<p class=\"has-text-align-center\"><br><\/p>\n\n\n\n<p class=\"has-text-align-center\"><\/p>\n\n\n\n<p class=\"has-text-align-center\">&nbsp;<\/p>\n\n\n\n<div class=\"wp-block-group\"><div class=\"wp-block-group__inner-container is-layout-flow wp-block-group-is-layout-flow\">\n<figure class=\"wp-block-gallery has-nested-images columns-default is-cropped wp-block-gallery-1 is-layout-flex wp-block-gallery-is-layout-flex\">\n<figure class=\"wp-block-image size-large\"><img decoding=\"async\" width=\"667\" height=\"1000\" data-id=\"229\" src=\"https:\/\/cafebryggan.fi\/wp-content\/uploads\/2021\/03\/IMG_9113.jpg\" alt=\"\" class=\"wp-image-229\" srcset=\"https:\/\/cafebryggan.fi\/wp-content\/uploads\/2021\/03\/IMG_9113.jpg 667w, https:\/\/cafebryggan.fi\/wp-content\/uploads\/2021\/03\/IMG_9113-200x300.jpg 200w\" sizes=\"(max-width: 667px) 100vw, 667px\" \/><figcaption class=\"wp-element-caption\"><mark style=\"background-color:rgba(0, 0, 0, 0)\" class=\"has-inline-color has-neve-link-color-color\">Glass och solsken<\/mark><\/figcaption><\/figure>\n\n\n\n<figure class=\"wp-block-image size-large\"><img decoding=\"async\" width=\"667\" height=\"1000\" data-id=\"231\" src=\"https:\/\/cafebryggan.fi\/wp-content\/uploads\/2021\/03\/IMG_9260.jpg\" alt=\"\" class=\"wp-image-231\" srcset=\"https:\/\/cafebryggan.fi\/wp-content\/uploads\/2021\/03\/IMG_9260.jpg 667w, https:\/\/cafebryggan.fi\/wp-content\/uploads\/2021\/03\/IMG_9260-200x300.jpg 200w\" sizes=\"(max-width: 667px) 100vw, 667px\" \/><figcaption class=\"wp-element-caption\"><mark style=\"background-color:rgba(0, 0, 0, 0);color:#828f95\" class=\"has-inline-color\">N\u00e4ra havet<\/mark><\/figcaption><\/figure>\n\n\n\n<figure class=\"wp-block-image size-large\"><img loading=\"lazy\" decoding=\"async\" width=\"682\" height=\"1024\" data-id=\"230\" src=\"https:\/\/cafebryggan.fi\/wp-content\/uploads\/2021\/03\/IMG_9168-682x1024.jpg\" alt=\"\" class=\"wp-image-230\" srcset=\"https:\/\/cafebryggan.fi\/wp-content\/uploads\/2021\/03\/IMG_9168-682x1024.jpg 682w, https:\/\/cafebryggan.fi\/wp-content\/uploads\/2021\/03\/IMG_9168-200x300.jpg 200w, https:\/\/cafebryggan.fi\/wp-content\/uploads\/2021\/03\/IMG_9168-768x1152.jpg 768w, https:\/\/cafebryggan.fi\/wp-content\/uploads\/2021\/03\/IMG_9168-1024x1536.jpg 1024w, https:\/\/cafebryggan.fi\/wp-content\/uploads\/2021\/03\/IMG_9168.jpg 1333w\" sizes=\"(max-width: 682px) 100vw, 682px\" \/><\/figure>\n<\/figure>\n\n\n\n<div style=\"height:100px\" aria-hidden=\"true\" class=\"wp-block-spacer\"><\/div>\n<\/div><\/div>\n\n\n\n<p><\/p>\n","protected":false},"excerpt":{"rendered":"<p>Upplevelser och god mat i natursk\u00f6n omgivning \u00e5ret runt! V\u00e5ra m\u00e5ngsidiga tj\u00e4nster och den fina sk\u00e4rg\u00e5rdsmilj\u00f6n ger dig en njutbar dag- \u00e5ret runt!Caf\u00e9 Bryggan \u00e4r inte endast ett sommarcaf\u00e9, vi erbjuder \u00e4ven cateringstj\u00e4nster ochutrymmen f\u00f6r olika fester och evenemang.Storartade naturupplevelser med guide erbjuds \u00e5t grupper av olika slag.Kontakta oss f\u00f6r att boka en sk\u00e4rg\u00e5rdsupplevelse f\u00f6r&hellip;&nbsp;<a href=\"https:\/\/cafebryggan.fi\/?page_id=6\" rel=\"bookmark\">Lue lis\u00e4\u00e4 &raquo;<span class=\"screen-reader-text\">Cafe Bryggan<\/span><\/a><\/p>\n","protected":false},"author":2,"featured_media":0,"parent":0,"menu_order":0,"comment_status":"closed","ping_status":"closed","template":"","meta":{"neve_meta_sidebar":"full-width","neve_meta_container":"","neve_meta_enable_content_width":"on","neve_meta_content_width":100,"neve_meta_title_alignment":"","neve_meta_author_avatar":"","neve_post_elements_order":"","neve_meta_disable_header":"","neve_meta_disable_footer":"","neve_meta_disable_title":"","footnotes":""},"class_list":["post-6","page","type-page","status-publish","hentry"],"_links":{"self":[{"href":"https:\/\/cafebryggan.fi\/index.php?rest_route=\/wp\/v2\/pages\/6","targetHints":{"allow":["GET"]}}],"collection":[{"href":"https:\/\/cafebryggan.fi\/index.php?rest_route=\/wp\/v2\/pages"}],"about":[{"href":"https:\/\/cafebryggan.fi\/index.php?rest_route=\/wp\/v2\/types\/page"}],"author":[{"embeddable":true,"href":"https:\/\/cafebryggan.fi\/index.php?rest_route=\/wp\/v2\/users\/2"}],"replies":[{"embeddable":true,"href":"https:\/\/cafebryggan.fi\/index.php?rest_route=%2Fwp%2Fv2%2Fcomments&post=6"}],"version-history":[{"count":35,"href":"https:\/\/cafebryggan.fi\/index.php?rest_route=\/wp\/v2\/pages\/6\/revisions"}],"predecessor-version":[{"id":1285,"href":"https:\/\/cafebryggan.fi\/index.php?rest_route=\/wp\/v2\/pages\/6\/revisions\/1285"}],"wp:attachment":[{"href":"https:\/\/cafebryggan.fi\/index.php?rest_route=%2Fwp%2Fv2%2Fmedia&parent=6"}],"curies":[{"name":"wp","href":"https:\/\/api.w.org\/{rel}","templated":true}]}}