{"id":425,"date":"2021-03-15T15:52:17","date_gmt":"2021-03-15T13:52:17","guid":{"rendered":"https:\/\/cafebryggan.fi\/?page_id=425"},"modified":"2025-02-17T15:00:13","modified_gmt":"2025-02-17T13:00:13","slug":"sundholms-gard-2","status":"publish","type":"page","link":"https:\/\/cafebryggan.fi\/?page_id=425&lang=en","title":{"rendered":"Sundholms G\u00e5rd"},"content":{"rendered":"\n<div class=\"wp-block-cover is-light\"><span aria-hidden=\"true\" class=\"wp-block-cover__background has-background-dim-30 has-background-dim\"><\/span><img fetchpriority=\"high\" decoding=\"async\" width=\"2560\" height=\"2154\" class=\"wp-block-cover__image-background wp-image-154\" alt=\"\" src=\"https:\/\/cafebryggan.fi\/wp-content\/uploads\/2021\/03\/IMG_9016b-scaled.jpg\" data-object-fit=\"cover\" srcset=\"https:\/\/cafebryggan.fi\/wp-content\/uploads\/2021\/03\/IMG_9016b-scaled.jpg 2560w, https:\/\/cafebryggan.fi\/wp-content\/uploads\/2021\/03\/IMG_9016b-300x252.jpg 300w, https:\/\/cafebryggan.fi\/wp-content\/uploads\/2021\/03\/IMG_9016b-1024x862.jpg 1024w, https:\/\/cafebryggan.fi\/wp-content\/uploads\/2021\/03\/IMG_9016b-768x646.jpg 768w, https:\/\/cafebryggan.fi\/wp-content\/uploads\/2021\/03\/IMG_9016b-1536x1292.jpg 1536w, https:\/\/cafebryggan.fi\/wp-content\/uploads\/2021\/03\/IMG_9016b-2048x1723.jpg 2048w\" sizes=\"(max-width: 2560px) 100vw, 2560px\" \/><div class=\"wp-block-cover__inner-container is-layout-flow wp-block-cover-is-layout-flow\">\n<p class=\"has-text-align-center has-large-font-size\"><\/p>\n<\/div><\/div>\n\n\n\n<p class=\"has-text-align-center\">Sundholms G\u00e5rd is an old farmhouse newly renovated and in wonderful shape.<br>Four bedrooms for 8 persons to stay. Sundholms G\u00e5rd is located i \u00d6ja village, only 15 minutes away from nearest city Kokkola.&nbsp;<br>In walking distance you will find own beach, hiking trail, public beach and summer caf\u00e9 by the pier.&nbsp; You are most welcome to \u00d6ja!&nbsp;<br><a rel=\"noreferrer noopener\" href=\"http:\/\/sundholms.com\/en\/home\/\" target=\"_blank\">Visit Sundholms homepage!<\/a> <\/p>\n\n\n\n<figure class=\"wp-block-gallery has-nested-images columns-default is-cropped wp-block-gallery-1 is-layout-flex wp-block-gallery-is-layout-flex\">\n<figure class=\"wp-block-image size-large\"><img decoding=\"async\" width=\"1024\" height=\"683\" data-id=\"280\" src=\"https:\/\/cafebryggan.fi\/wp-content\/uploads\/2021\/03\/3L3A8783-1024x683.jpg\" alt=\"\" class=\"wp-image-280\" srcset=\"https:\/\/cafebryggan.fi\/wp-content\/uploads\/2021\/03\/3L3A8783-1024x683.jpg 1024w, https:\/\/cafebryggan.fi\/wp-content\/uploads\/2021\/03\/3L3A8783-300x200.jpg 300w, https:\/\/cafebryggan.fi\/wp-content\/uploads\/2021\/03\/3L3A8783-768x512.jpg 768w, https:\/\/cafebryggan.fi\/wp-content\/uploads\/2021\/03\/3L3A8783-1536x1024.jpg 1536w, https:\/\/cafebryggan.fi\/wp-content\/uploads\/2021\/03\/3L3A8783-2048x1365.jpg 2048w, https:\/\/cafebryggan.fi\/wp-content\/uploads\/2021\/03\/3L3A8783-930x620.jpg 930w\" sizes=\"(max-width: 1024px) 100vw, 1024px\" \/><\/figure>\n\n\n\n<figure class=\"wp-block-image size-large\"><img decoding=\"async\" width=\"683\" height=\"1024\" data-id=\"279\" src=\"https:\/\/cafebryggan.fi\/wp-content\/uploads\/2021\/03\/3L3A8793-683x1024.jpg\" alt=\"\" class=\"wp-image-279\" srcset=\"https:\/\/cafebryggan.fi\/wp-content\/uploads\/2021\/03\/3L3A8793-683x1024.jpg 683w, https:\/\/cafebryggan.fi\/wp-content\/uploads\/2021\/03\/3L3A8793-200x300.jpg 200w, https:\/\/cafebryggan.fi\/wp-content\/uploads\/2021\/03\/3L3A8793-768x1152.jpg 768w, https:\/\/cafebryggan.fi\/wp-content\/uploads\/2021\/03\/3L3A8793-1024x1536.jpg 1024w, https:\/\/cafebryggan.fi\/wp-content\/uploads\/2021\/03\/3L3A8793-1365x2048.jpg 1365w, https:\/\/cafebryggan.fi\/wp-content\/uploads\/2021\/03\/3L3A8793-scaled.jpg 1707w\" sizes=\"(max-width: 683px) 100vw, 683px\" \/><\/figure>\n\n\n\n<figure class=\"wp-block-image size-large\"><img loading=\"lazy\" decoding=\"async\" width=\"1024\" height=\"683\" data-id=\"151\" src=\"https:\/\/cafebryggan.fi\/wp-content\/uploads\/2021\/03\/IMG_9104-1024x683.jpg\" alt=\"\" class=\"wp-image-151\" srcset=\"https:\/\/cafebryggan.fi\/wp-content\/uploads\/2021\/03\/IMG_9104-1024x683.jpg 1024w, https:\/\/cafebryggan.fi\/wp-content\/uploads\/2021\/03\/IMG_9104-300x200.jpg 300w, https:\/\/cafebryggan.fi\/wp-content\/uploads\/2021\/03\/IMG_9104-768x512.jpg 768w, https:\/\/cafebryggan.fi\/wp-content\/uploads\/2021\/03\/IMG_9104-930x620.jpg 930w, https:\/\/cafebryggan.fi\/wp-content\/uploads\/2021\/03\/IMG_9104.jpg 1200w\" sizes=\"(max-width: 1024px) 100vw, 1024px\" \/><\/figure>\n<\/figure>\n\n\n\n<p class=\"has-text-align-center\"><a href=\"https:\/\/www.airbnb.fi\/rooms\/21308548?location=%C3%B6ja%20finland&amp;toddlers=0&amp;source_impression_id=p3_1563864418_Rg0KYQwUaH2IhsXp&amp;guests=1&amp;adults=1\" target=\"_blank\" rel=\"noreferrer noopener\">Booking also possible by Airbnb, click here!<\/a><\/p>\n\n\n\n<div style=\"height:100px\" aria-hidden=\"true\" class=\"wp-block-spacer\"><\/div>\n","protected":false},"excerpt":{"rendered":"<p>Sundholms G\u00e5rd is an old farmhouse newly renovated and in wonderful shape.Four bedrooms for 8 persons to stay. Sundholms G\u00e5rd is located i \u00d6ja village, only 15 minutes away from nearest city Kokkola.&nbsp;In walking distance you will find own beach, hiking trail, public beach and summer caf\u00e9 by the pier.&nbsp; You are most welcome to&hellip;&nbsp;<a href=\"https:\/\/cafebryggan.fi\/?page_id=425&#038;lang=en\" rel=\"bookmark\">Lue lis\u00e4\u00e4 &raquo;<span class=\"screen-reader-text\">Sundholms G\u00e5rd<\/span><\/a><\/p>\n","protected":false},"author":2,"featured_media":0,"parent":0,"menu_order":0,"comment_status":"closed","ping_status":"closed","template":"","meta":{"neve_meta_sidebar":"full-width","neve_meta_container":"","neve_meta_enable_content_width":"on","neve_meta_content_width":100,"neve_meta_title_alignment":"","neve_meta_author_avatar":"","neve_post_elements_order":"","neve_meta_disable_header":"","neve_meta_disable_footer":"","neve_meta_disable_title":"","footnotes":""},"class_list":["post-425","page","type-page","status-publish","hentry"],"_links":{"self":[{"href":"https:\/\/cafebryggan.fi\/index.php?rest_route=\/wp\/v2\/pages\/425","targetHints":{"allow":["GET"]}}],"collection":[{"href":"https:\/\/cafebryggan.fi\/index.php?rest_route=\/wp\/v2\/pages"}],"about":[{"href":"https:\/\/cafebryggan.fi\/index.php?rest_route=\/wp\/v2\/types\/page"}],"author":[{"embeddable":true,"href":"https:\/\/cafebryggan.fi\/index.php?rest_route=\/wp\/v2\/users\/2"}],"replies":[{"embeddable":true,"href":"https:\/\/cafebryggan.fi\/index.php?rest_route=%2Fwp%2Fv2%2Fcomments&post=425"}],"version-history":[{"count":3,"href":"https:\/\/cafebryggan.fi\/index.php?rest_route=\/wp\/v2\/pages\/425\/revisions"}],"predecessor-version":[{"id":1225,"href":"https:\/\/cafebryggan.fi\/index.php?rest_route=\/wp\/v2\/pages\/425\/revisions\/1225"}],"wp:attachment":[{"href":"https:\/\/cafebryggan.fi\/index.php?rest_route=%2Fwp%2Fv2%2Fmedia&parent=425"}],"curies":[{"name":"wp","href":"https:\/\/api.w.org\/{rel}","templated":true}]}}