{"id":423,"date":"2021-03-15T15:50:09","date_gmt":"2021-03-15T13:50:09","guid":{"rendered":"https:\/\/cafebryggan.fi\/?page_id=423"},"modified":"2025-02-17T14:56:54","modified_gmt":"2025-02-17T12:56:54","slug":"sundholmin-tila","status":"publish","type":"page","link":"https:\/\/cafebryggan.fi\/?page_id=423&lang=fi","title":{"rendered":"Sundholmin Tila"},"content":{"rendered":"\n<div class=\"wp-block-cover is-light\"><span aria-hidden=\"true\" class=\"wp-block-cover__background has-background-dim-10 has-background-dim\"><\/span><img fetchpriority=\"high\" decoding=\"async\" width=\"2560\" height=\"2154\" class=\"wp-block-cover__image-background wp-image-154\" alt=\"\" src=\"https:\/\/cafebryggan.fi\/wp-content\/uploads\/2021\/03\/IMG_9016b-scaled.jpg\" style=\"object-position:52% 50%\" data-object-fit=\"cover\" data-object-position=\"52% 50%\" srcset=\"https:\/\/cafebryggan.fi\/wp-content\/uploads\/2021\/03\/IMG_9016b-scaled.jpg 2560w, https:\/\/cafebryggan.fi\/wp-content\/uploads\/2021\/03\/IMG_9016b-300x252.jpg 300w, https:\/\/cafebryggan.fi\/wp-content\/uploads\/2021\/03\/IMG_9016b-1024x862.jpg 1024w, https:\/\/cafebryggan.fi\/wp-content\/uploads\/2021\/03\/IMG_9016b-768x646.jpg 768w, https:\/\/cafebryggan.fi\/wp-content\/uploads\/2021\/03\/IMG_9016b-1536x1292.jpg 1536w, https:\/\/cafebryggan.fi\/wp-content\/uploads\/2021\/03\/IMG_9016b-2048x1723.jpg 2048w\" sizes=\"(max-width: 2560px) 100vw, 2560px\" \/><div class=\"wp-block-cover__inner-container is-layout-flow wp-block-cover-is-layout-flow\">\n<p class=\"has-text-align-center has-large-font-size\"><\/p>\n<\/div><\/div>\n\n\n\n<p class=\"has-text-align-center\">Sundholmin Tilalla majoitut mukavasti uudistetussa vanhassa maalaistalossa. <br>Vuodepaikkoja on 8 hengelle, l\u00e4hell\u00e4 sijaitsevat oma ranta, vaelluspolku ja uimaranta.<br>Koe maaseudun rauha l\u00e4hell\u00e4 merta, l\u00e4hell\u00e4 kaupunkia, l\u00e4hell\u00e4 palveluja. <br><a href=\"http:\/\/sundholms.com\/\" target=\"_blank\" rel=\"noreferrer noopener\">Tutustu tasokkaaseen majoitukseen t\u00e4st\u00e4!<\/a><\/p>\n\n\n\n<p><\/p>\n\n\n\n<figure class=\"wp-block-gallery has-nested-images columns-default is-cropped wp-block-gallery-1 is-layout-flex wp-block-gallery-is-layout-flex\">\n<figure class=\"wp-block-image size-large\"><img decoding=\"async\" width=\"1024\" height=\"683\" data-id=\"280\" src=\"https:\/\/cafebryggan.fi\/wp-content\/uploads\/2021\/03\/3L3A8783-1024x683.jpg\" alt=\"\" class=\"wp-image-280\" srcset=\"https:\/\/cafebryggan.fi\/wp-content\/uploads\/2021\/03\/3L3A8783-1024x683.jpg 1024w, https:\/\/cafebryggan.fi\/wp-content\/uploads\/2021\/03\/3L3A8783-300x200.jpg 300w, https:\/\/cafebryggan.fi\/wp-content\/uploads\/2021\/03\/3L3A8783-768x512.jpg 768w, https:\/\/cafebryggan.fi\/wp-content\/uploads\/2021\/03\/3L3A8783-1536x1024.jpg 1536w, https:\/\/cafebryggan.fi\/wp-content\/uploads\/2021\/03\/3L3A8783-2048x1365.jpg 2048w, https:\/\/cafebryggan.fi\/wp-content\/uploads\/2021\/03\/3L3A8783-930x620.jpg 930w\" sizes=\"(max-width: 1024px) 100vw, 1024px\" \/><\/figure>\n\n\n\n<figure class=\"wp-block-image size-large\"><img decoding=\"async\" width=\"683\" height=\"1024\" data-id=\"279\" src=\"https:\/\/cafebryggan.fi\/wp-content\/uploads\/2021\/03\/3L3A8793-683x1024.jpg\" alt=\"\" class=\"wp-image-279\" srcset=\"https:\/\/cafebryggan.fi\/wp-content\/uploads\/2021\/03\/3L3A8793-683x1024.jpg 683w, https:\/\/cafebryggan.fi\/wp-content\/uploads\/2021\/03\/3L3A8793-200x300.jpg 200w, https:\/\/cafebryggan.fi\/wp-content\/uploads\/2021\/03\/3L3A8793-768x1152.jpg 768w, https:\/\/cafebryggan.fi\/wp-content\/uploads\/2021\/03\/3L3A8793-1024x1536.jpg 1024w, https:\/\/cafebryggan.fi\/wp-content\/uploads\/2021\/03\/3L3A8793-1365x2048.jpg 1365w, https:\/\/cafebryggan.fi\/wp-content\/uploads\/2021\/03\/3L3A8793-scaled.jpg 1707w\" sizes=\"(max-width: 683px) 100vw, 683px\" \/><\/figure>\n\n\n\n<figure class=\"wp-block-image size-large\"><img loading=\"lazy\" decoding=\"async\" width=\"1024\" height=\"683\" data-id=\"151\" src=\"https:\/\/cafebryggan.fi\/wp-content\/uploads\/2021\/03\/IMG_9104-1024x683.jpg\" alt=\"\" class=\"wp-image-151\" srcset=\"https:\/\/cafebryggan.fi\/wp-content\/uploads\/2021\/03\/IMG_9104-1024x683.jpg 1024w, https:\/\/cafebryggan.fi\/wp-content\/uploads\/2021\/03\/IMG_9104-300x200.jpg 300w, https:\/\/cafebryggan.fi\/wp-content\/uploads\/2021\/03\/IMG_9104-768x512.jpg 768w, https:\/\/cafebryggan.fi\/wp-content\/uploads\/2021\/03\/IMG_9104-930x620.jpg 930w, https:\/\/cafebryggan.fi\/wp-content\/uploads\/2021\/03\/IMG_9104.jpg 1200w\" sizes=\"(max-width: 1024px) 100vw, 1024px\" \/><\/figure>\n<\/figure>\n\n\n\n<p class=\"has-text-align-center\"><a href=\"https:\/\/www.airbnb.fi\/rooms\/21308548?location=%C3%B6ja%20finland&amp;toddlers=0&amp;source_impression_id=p3_1563864418_Rg0KYQwUaH2IhsXp&amp;guests=1&amp;adults=1\" target=\"_blank\" rel=\"noreferrer noopener\">Voit varata majoituksen my\u00f6s Airbnb-sivuston kautta, klikkaa t\u00e4st\u00e4!<\/a><\/p>\n\n\n\n<div style=\"height:100px\" aria-hidden=\"true\" class=\"wp-block-spacer\"><\/div>\n","protected":false},"excerpt":{"rendered":"<p>Sundholmin Tilalla majoitut mukavasti uudistetussa vanhassa maalaistalossa. Vuodepaikkoja on 8 hengelle, l\u00e4hell\u00e4 sijaitsevat oma ranta, vaelluspolku ja uimaranta.Koe maaseudun rauha l\u00e4hell\u00e4 merta, l\u00e4hell\u00e4 kaupunkia, l\u00e4hell\u00e4 palveluja. Tutustu tasokkaaseen majoitukseen t\u00e4st\u00e4! Voit varata majoituksen my\u00f6s Airbnb-sivuston kautta, klikkaa t\u00e4st\u00e4!<\/p>\n","protected":false},"author":2,"featured_media":0,"parent":0,"menu_order":0,"comment_status":"closed","ping_status":"closed","template":"","meta":{"neve_meta_sidebar":"full-width","neve_meta_container":"","neve_meta_enable_content_width":"on","neve_meta_content_width":100,"neve_meta_title_alignment":"","neve_meta_author_avatar":"","neve_post_elements_order":"","neve_meta_disable_header":"","neve_meta_disable_footer":"","neve_meta_disable_title":"","footnotes":""},"class_list":["post-423","page","type-page","status-publish","hentry"],"_links":{"self":[{"href":"https:\/\/cafebryggan.fi\/index.php?rest_route=\/wp\/v2\/pages\/423","targetHints":{"allow":["GET"]}}],"collection":[{"href":"https:\/\/cafebryggan.fi\/index.php?rest_route=\/wp\/v2\/pages"}],"about":[{"href":"https:\/\/cafebryggan.fi\/index.php?rest_route=\/wp\/v2\/types\/page"}],"author":[{"embeddable":true,"href":"https:\/\/cafebryggan.fi\/index.php?rest_route=\/wp\/v2\/users\/2"}],"replies":[{"embeddable":true,"href":"https:\/\/cafebryggan.fi\/index.php?rest_route=%2Fwp%2Fv2%2Fcomments&post=423"}],"version-history":[{"count":4,"href":"https:\/\/cafebryggan.fi\/index.php?rest_route=\/wp\/v2\/pages\/423\/revisions"}],"predecessor-version":[{"id":1220,"href":"https:\/\/cafebryggan.fi\/index.php?rest_route=\/wp\/v2\/pages\/423\/revisions\/1220"}],"wp:attachment":[{"href":"https:\/\/cafebryggan.fi\/index.php?rest_route=%2Fwp%2Fv2%2Fmedia&parent=423"}],"curies":[{"name":"wp","href":"https:\/\/api.w.org\/{rel}","templated":true}]}}