{"id":337,"date":"2021-03-03T11:18:21","date_gmt":"2021-03-03T09:18:21","guid":{"rendered":"https:\/\/cafebryggan.fi\/?page_id=337"},"modified":"2021-03-15T17:00:51","modified_gmt":"2021-03-15T15:00:51","slug":"oja-villagecenter","status":"publish","type":"page","link":"https:\/\/cafebryggan.fi\/?page_id=337&lang=en","title":{"rendered":"\u00d6ja Villagecenter"},"content":{"rendered":"\n<div class=\"wp-block-cover has-background-dim-10 has-background-dim\"><img fetchpriority=\"high\" decoding=\"async\" width=\"1200\" height=\"800\" class=\"wp-block-cover__image-background wp-image-40\" alt=\"\" src=\"https:\/\/cafebryggan.fi\/wp-content\/uploads\/2021\/02\/byacenter.jpg\" style=\"object-position:49% 83%\" data-object-fit=\"cover\" data-object-position=\"49% 83%\" srcset=\"https:\/\/cafebryggan.fi\/wp-content\/uploads\/2021\/02\/byacenter.jpg 1200w, https:\/\/cafebryggan.fi\/wp-content\/uploads\/2021\/02\/byacenter-300x200.jpg 300w, https:\/\/cafebryggan.fi\/wp-content\/uploads\/2021\/02\/byacenter-1024x683.jpg 1024w, https:\/\/cafebryggan.fi\/wp-content\/uploads\/2021\/02\/byacenter-768x512.jpg 768w, https:\/\/cafebryggan.fi\/wp-content\/uploads\/2021\/02\/byacenter-930x620.jpg 930w\" sizes=\"(max-width: 1200px) 100vw, 1200px\" \/><div class=\"wp-block-cover__inner-container is-layout-flow wp-block-cover-is-layout-flow\">\n<p class=\"has-text-align-center has-large-font-size\"><\/p>\n<\/div><\/div>\n\n\n\n<hr class=\"wp-block-separator\"\/>\n\n\n\n<p class=\"has-text-align-center\">Best\u00e4llningsrestaurangen i \u00d6ja Byacenter erbjuder natursk\u00f6n omgivning och vacker utsikt<br>samt h\u00f6gklassig mat- och festservice \u00e5ret runt.<\/p>\n\n\n\n<hr class=\"wp-block-separator\"\/>\n\n\n\n<figure class=\"wp-block-gallery columns-3 is-cropped wp-block-gallery-1 is-layout-flex wp-block-gallery-is-layout-flex\"><ul class=\"blocks-gallery-grid\"><li class=\"blocks-gallery-item\"><figure><img decoding=\"async\" width=\"1024\" height=\"683\" src=\"https:\/\/cafebryggan.fi\/wp-content\/uploads\/2021\/02\/IMG_2916-1024x683.jpg\" alt=\"\" data-id=\"128\" data-full-url=\"https:\/\/cafebryggan.fi\/wp-content\/uploads\/2021\/02\/IMG_2916.jpg\" data-link=\"https:\/\/cafebryggan.fi\/?attachment_id=128\" class=\"wp-image-128\" srcset=\"https:\/\/cafebryggan.fi\/wp-content\/uploads\/2021\/02\/IMG_2916-1024x683.jpg 1024w, https:\/\/cafebryggan.fi\/wp-content\/uploads\/2021\/02\/IMG_2916-300x200.jpg 300w, https:\/\/cafebryggan.fi\/wp-content\/uploads\/2021\/02\/IMG_2916-768x512.jpg 768w, https:\/\/cafebryggan.fi\/wp-content\/uploads\/2021\/02\/IMG_2916-930x620.jpg 930w, https:\/\/cafebryggan.fi\/wp-content\/uploads\/2021\/02\/IMG_2916.jpg 1200w\" sizes=\"(max-width: 1024px) 100vw, 1024px\" \/><\/figure><\/li><li class=\"blocks-gallery-item\"><figure><img decoding=\"async\" width=\"1024\" height=\"683\" src=\"https:\/\/cafebryggan.fi\/wp-content\/uploads\/2021\/02\/IMG_7535-1024x683.jpg\" alt=\"\" data-id=\"112\" data-full-url=\"https:\/\/cafebryggan.fi\/wp-content\/uploads\/2021\/02\/IMG_7535.jpg\" data-link=\"https:\/\/cafebryggan.fi\/?attachment_id=112\" class=\"wp-image-112\" srcset=\"https:\/\/cafebryggan.fi\/wp-content\/uploads\/2021\/02\/IMG_7535-1024x683.jpg 1024w, https:\/\/cafebryggan.fi\/wp-content\/uploads\/2021\/02\/IMG_7535-300x200.jpg 300w, https:\/\/cafebryggan.fi\/wp-content\/uploads\/2021\/02\/IMG_7535-768x512.jpg 768w, https:\/\/cafebryggan.fi\/wp-content\/uploads\/2021\/02\/IMG_7535-930x620.jpg 930w, https:\/\/cafebryggan.fi\/wp-content\/uploads\/2021\/02\/IMG_7535.jpg 1200w\" sizes=\"(max-width: 1024px) 100vw, 1024px\" \/><\/figure><\/li><li class=\"blocks-gallery-item\"><figure><img loading=\"lazy\" decoding=\"async\" width=\"1024\" height=\"683\" src=\"https:\/\/cafebryggan.fi\/wp-content\/uploads\/2021\/02\/IMG_0896-1-1024x683.jpg\" alt=\"\" data-id=\"25\" data-full-url=\"https:\/\/cafebryggan.fi\/wp-content\/uploads\/2021\/02\/IMG_0896-1.jpg\" data-link=\"https:\/\/cafebryggan.fi\/?attachment_id=25\" class=\"wp-image-25\" srcset=\"https:\/\/cafebryggan.fi\/wp-content\/uploads\/2021\/02\/IMG_0896-1-1024x683.jpg 1024w, https:\/\/cafebryggan.fi\/wp-content\/uploads\/2021\/02\/IMG_0896-1-300x200.jpg 300w, https:\/\/cafebryggan.fi\/wp-content\/uploads\/2021\/02\/IMG_0896-1-768x512.jpg 768w, https:\/\/cafebryggan.fi\/wp-content\/uploads\/2021\/02\/IMG_0896-1-930x620.jpg 930w, https:\/\/cafebryggan.fi\/wp-content\/uploads\/2021\/02\/IMG_0896-1.jpg 1200w\" sizes=\"(max-width: 1024px) 100vw, 1024px\" \/><\/figure><\/li><\/ul><\/figure>\n","protected":false},"excerpt":{"rendered":"<p>Best\u00e4llningsrestaurangen i \u00d6ja Byacenter erbjuder natursk\u00f6n omgivning och vacker utsiktsamt h\u00f6gklassig mat- och festservice \u00e5ret runt.<\/p>\n","protected":false},"author":2,"featured_media":0,"parent":0,"menu_order":0,"comment_status":"closed","ping_status":"closed","template":"","meta":{"neve_meta_sidebar":"full-width","neve_meta_container":"","neve_meta_enable_content_width":"on","neve_meta_content_width":100,"neve_meta_title_alignment":"","neve_meta_author_avatar":"","neve_post_elements_order":"","neve_meta_disable_header":"","neve_meta_disable_footer":"","neve_meta_disable_title":"","footnotes":""},"class_list":["post-337","page","type-page","status-publish","hentry"],"_links":{"self":[{"href":"https:\/\/cafebryggan.fi\/index.php?rest_route=\/wp\/v2\/pages\/337","targetHints":{"allow":["GET"]}}],"collection":[{"href":"https:\/\/cafebryggan.fi\/index.php?rest_route=\/wp\/v2\/pages"}],"about":[{"href":"https:\/\/cafebryggan.fi\/index.php?rest_route=\/wp\/v2\/types\/page"}],"author":[{"embeddable":true,"href":"https:\/\/cafebryggan.fi\/index.php?rest_route=\/wp\/v2\/users\/2"}],"replies":[{"embeddable":true,"href":"https:\/\/cafebryggan.fi\/index.php?rest_route=%2Fwp%2Fv2%2Fcomments&post=337"}],"version-history":[{"count":2,"href":"https:\/\/cafebryggan.fi\/index.php?rest_route=\/wp\/v2\/pages\/337\/revisions"}],"predecessor-version":[{"id":456,"href":"https:\/\/cafebryggan.fi\/index.php?rest_route=\/wp\/v2\/pages\/337\/revisions\/456"}],"wp:attachment":[{"href":"https:\/\/cafebryggan.fi\/index.php?rest_route=%2Fwp%2Fv2%2Fmedia&parent=337"}],"curies":[{"name":"wp","href":"https:\/\/api.w.org\/{rel}","templated":true}]}}