{"id":335,"date":"2021-03-03T11:17:41","date_gmt":"2021-03-03T09:17:41","guid":{"rendered":"https:\/\/cafebryggan.fi\/?page_id=335"},"modified":"2025-02-17T14:56:24","modified_gmt":"2025-02-17T12:56:24","slug":"ojan-kylakeskus","status":"publish","type":"page","link":"https:\/\/cafebryggan.fi\/?page_id=335&lang=fi","title":{"rendered":"\u00d6jan Kyl\u00e4keskus"},"content":{"rendered":"\n<div class=\"wp-block-cover is-light\"><span aria-hidden=\"true\" class=\"wp-block-cover__background has-nv-light-bg-background-color has-background-dim-10 has-background-dim\"><\/span><img fetchpriority=\"high\" decoding=\"async\" width=\"1200\" height=\"800\" class=\"wp-block-cover__image-background wp-image-40\" alt=\"\" src=\"https:\/\/cafebryggan.fi\/wp-content\/uploads\/2021\/02\/byacenter.jpg\" style=\"object-position:52% 91%\" data-object-fit=\"cover\" data-object-position=\"52% 91%\" srcset=\"https:\/\/cafebryggan.fi\/wp-content\/uploads\/2021\/02\/byacenter.jpg 1200w, https:\/\/cafebryggan.fi\/wp-content\/uploads\/2021\/02\/byacenter-300x200.jpg 300w, https:\/\/cafebryggan.fi\/wp-content\/uploads\/2021\/02\/byacenter-1024x683.jpg 1024w, https:\/\/cafebryggan.fi\/wp-content\/uploads\/2021\/02\/byacenter-768x512.jpg 768w, https:\/\/cafebryggan.fi\/wp-content\/uploads\/2021\/02\/byacenter-930x620.jpg 930w\" sizes=\"(max-width: 1200px) 100vw, 1200px\" \/><div class=\"wp-block-cover__inner-container is-layout-flow wp-block-cover-is-layout-flow\">\n<p class=\"has-text-align-center has-large-font-size\"><\/p>\n<\/div><\/div>\n\n\n\n<hr class=\"wp-block-separator has-css-opacity\"\/>\n\n\n\n<p class=\"has-text-align-center\"><br>\u00d6jan kyl\u00e4keskuksen tilausravintola tarjoaa korkealuokkaista ruoka- ja juhlapalvelua luonnonkauniissa ymp\u00e4rist\u00f6ss\u00e4 ja upeilla maisemilla vuoden ymp\u00e4ri.<br>Tarjolla on monik\u00e4ytt\u00f6iset tilat ja avullamme voit j\u00e4rjest\u00e4\u00e4 unohtumattomia tilaisuuksia tai juhlia kaikenkokoisille ryhmille.<br>Hyv\u00e4ll\u00e4 yhteisty\u00f6ll\u00e4 pid\u00e4mme huolen siit\u00e4 ett\u00e4 vieraat viihtyv\u00e4t ja saavat nauttia herkullisista tarjottavista.<br>\u00d6jan Kyl\u00e4keskuksen alueella on kes\u00e4kahvila, tilausravintola, uimaranta, vierassatama ja vaelluspolkuja.<br>Tutustu my\u00f6s yritys- ja juhlapalveluihimme.<\/p>\n\n\n\n<hr class=\"wp-block-separator has-css-opacity\"\/>\n\n\n\n<figure class=\"wp-block-gallery has-nested-images columns-1 is-cropped wp-block-gallery-1 is-layout-flex wp-block-gallery-is-layout-flex\"><\/figure>\n\n\n\n<figure class=\"wp-block-gallery has-nested-images columns-default is-cropped wp-block-gallery-2 is-layout-flex wp-block-gallery-is-layout-flex\">\n<figure class=\"wp-block-image size-large\"><img decoding=\"async\" width=\"1024\" height=\"683\" data-id=\"128\" src=\"https:\/\/cafebryggan.fi\/wp-content\/uploads\/2021\/02\/IMG_2916-1024x683.jpg\" alt=\"\" class=\"wp-image-128\" srcset=\"https:\/\/cafebryggan.fi\/wp-content\/uploads\/2021\/02\/IMG_2916-1024x683.jpg 1024w, https:\/\/cafebryggan.fi\/wp-content\/uploads\/2021\/02\/IMG_2916-300x200.jpg 300w, https:\/\/cafebryggan.fi\/wp-content\/uploads\/2021\/02\/IMG_2916-768x512.jpg 768w, https:\/\/cafebryggan.fi\/wp-content\/uploads\/2021\/02\/IMG_2916-930x620.jpg 930w, https:\/\/cafebryggan.fi\/wp-content\/uploads\/2021\/02\/IMG_2916.jpg 1200w\" sizes=\"(max-width: 1024px) 100vw, 1024px\" \/><\/figure>\n\n\n\n<figure class=\"wp-block-image size-large\"><img decoding=\"async\" width=\"1024\" height=\"683\" data-id=\"112\" src=\"https:\/\/cafebryggan.fi\/wp-content\/uploads\/2021\/02\/IMG_7535-1024x683.jpg\" alt=\"\" class=\"wp-image-112\" srcset=\"https:\/\/cafebryggan.fi\/wp-content\/uploads\/2021\/02\/IMG_7535-1024x683.jpg 1024w, https:\/\/cafebryggan.fi\/wp-content\/uploads\/2021\/02\/IMG_7535-300x200.jpg 300w, https:\/\/cafebryggan.fi\/wp-content\/uploads\/2021\/02\/IMG_7535-768x512.jpg 768w, https:\/\/cafebryggan.fi\/wp-content\/uploads\/2021\/02\/IMG_7535-930x620.jpg 930w, https:\/\/cafebryggan.fi\/wp-content\/uploads\/2021\/02\/IMG_7535.jpg 1200w\" sizes=\"(max-width: 1024px) 100vw, 1024px\" \/><\/figure>\n\n\n\n<figure class=\"wp-block-image size-large\"><img loading=\"lazy\" decoding=\"async\" width=\"1024\" height=\"683\" data-id=\"113\" src=\"https:\/\/cafebryggan.fi\/wp-content\/uploads\/2021\/02\/IMG_4668-1024x683.jpg\" alt=\"\" class=\"wp-image-113\" srcset=\"https:\/\/cafebryggan.fi\/wp-content\/uploads\/2021\/02\/IMG_4668-1024x683.jpg 1024w, https:\/\/cafebryggan.fi\/wp-content\/uploads\/2021\/02\/IMG_4668-300x200.jpg 300w, https:\/\/cafebryggan.fi\/wp-content\/uploads\/2021\/02\/IMG_4668-768x512.jpg 768w, https:\/\/cafebryggan.fi\/wp-content\/uploads\/2021\/02\/IMG_4668-930x620.jpg 930w, https:\/\/cafebryggan.fi\/wp-content\/uploads\/2021\/02\/IMG_4668.jpg 1200w\" sizes=\"(max-width: 1024px) 100vw, 1024px\" \/><\/figure>\n<\/figure>\n","protected":false},"excerpt":{"rendered":"<p>\u00d6jan kyl\u00e4keskuksen tilausravintola tarjoaa korkealuokkaista ruoka- ja juhlapalvelua luonnonkauniissa ymp\u00e4rist\u00f6ss\u00e4 ja upeilla maisemilla vuoden ymp\u00e4ri.Tarjolla on monik\u00e4ytt\u00f6iset tilat ja avullamme voit j\u00e4rjest\u00e4\u00e4 unohtumattomia tilaisuuksia tai juhlia kaikenkokoisille ryhmille.Hyv\u00e4ll\u00e4 yhteisty\u00f6ll\u00e4 pid\u00e4mme huolen siit\u00e4 ett\u00e4 vieraat viihtyv\u00e4t ja saavat nauttia herkullisista tarjottavista.\u00d6jan Kyl\u00e4keskuksen alueella on kes\u00e4kahvila, tilausravintola, uimaranta, vierassatama ja vaelluspolkuja.Tutustu my\u00f6s yritys- ja juhlapalveluihimme.<\/p>\n","protected":false},"author":2,"featured_media":0,"parent":0,"menu_order":0,"comment_status":"closed","ping_status":"closed","template":"","meta":{"neve_meta_sidebar":"full-width","neve_meta_container":"","neve_meta_enable_content_width":"on","neve_meta_content_width":100,"neve_meta_title_alignment":"","neve_meta_author_avatar":"","neve_post_elements_order":"","neve_meta_disable_header":"","neve_meta_disable_footer":"","neve_meta_disable_title":"","footnotes":""},"class_list":["post-335","page","type-page","status-publish","hentry"],"_links":{"self":[{"href":"https:\/\/cafebryggan.fi\/index.php?rest_route=\/wp\/v2\/pages\/335","targetHints":{"allow":["GET"]}}],"collection":[{"href":"https:\/\/cafebryggan.fi\/index.php?rest_route=\/wp\/v2\/pages"}],"about":[{"href":"https:\/\/cafebryggan.fi\/index.php?rest_route=\/wp\/v2\/types\/page"}],"author":[{"embeddable":true,"href":"https:\/\/cafebryggan.fi\/index.php?rest_route=\/wp\/v2\/users\/2"}],"replies":[{"embeddable":true,"href":"https:\/\/cafebryggan.fi\/index.php?rest_route=%2Fwp%2Fv2%2Fcomments&post=335"}],"version-history":[{"count":5,"href":"https:\/\/cafebryggan.fi\/index.php?rest_route=\/wp\/v2\/pages\/335\/revisions"}],"predecessor-version":[{"id":1219,"href":"https:\/\/cafebryggan.fi\/index.php?rest_route=\/wp\/v2\/pages\/335\/revisions\/1219"}],"wp:attachment":[{"href":"https:\/\/cafebryggan.fi\/index.php?rest_route=%2Fwp%2Fv2%2Fmedia&parent=335"}],"curies":[{"name":"wp","href":"https:\/\/api.w.org\/{rel}","templated":true}]}}