{"id":319,"date":"2021-03-03T11:11:19","date_gmt":"2021-03-03T09:11:19","guid":{"rendered":"https:\/\/cafebryggan.fi\/?page_id=319"},"modified":"2025-08-25T17:23:52","modified_gmt":"2025-08-25T14:23:52","slug":"cafe-bryggan-2","status":"publish","type":"page","link":"https:\/\/cafebryggan.fi\/?page_id=319&lang=fi","title":{"rendered":"Caf\u00e9 Bryggan"},"content":{"rendered":"\n<div class=\"wp-block-cover\" style=\"min-height:435px;aspect-ratio:unset;\"><img fetchpriority=\"high\" decoding=\"async\" width=\"2560\" height=\"1707\" class=\"wp-block-cover__image-background wp-image-1210\" alt=\"\" src=\"https:\/\/cafebryggan.fi\/wp-content\/uploads\/2025\/02\/CG3A2995-scaled.jpg\" data-object-fit=\"cover\" srcset=\"https:\/\/cafebryggan.fi\/wp-content\/uploads\/2025\/02\/CG3A2995-scaled.jpg 2560w, https:\/\/cafebryggan.fi\/wp-content\/uploads\/2025\/02\/CG3A2995-300x200.jpg 300w, https:\/\/cafebryggan.fi\/wp-content\/uploads\/2025\/02\/CG3A2995-1024x683.jpg 1024w, https:\/\/cafebryggan.fi\/wp-content\/uploads\/2025\/02\/CG3A2995-768x512.jpg 768w, https:\/\/cafebryggan.fi\/wp-content\/uploads\/2025\/02\/CG3A2995-1536x1024.jpg 1536w, https:\/\/cafebryggan.fi\/wp-content\/uploads\/2025\/02\/CG3A2995-2048x1365.jpg 2048w, https:\/\/cafebryggan.fi\/wp-content\/uploads\/2025\/02\/CG3A2995-930x620.jpg 930w\" sizes=\"(max-width: 2560px) 100vw, 2560px\" \/><span aria-hidden=\"true\" class=\"wp-block-cover__background has-neve-text-color-background-color has-background-dim-10 has-background-dim\"><\/span><div class=\"wp-block-cover__inner-container is-layout-flow wp-block-cover-is-layout-flow\">\n<p class=\"has-text-align-center has-large-font-size\"><\/p>\n<\/div><\/div>\n\n\n\n<h2 class=\"wp-block-heading has-text-align-center\">Saariston tunnelmaa ja hyv\u00e4\u00e4 ruokaa vuoden ymp\u00e4ri!<\/h2>\n\n\n\n<p class=\"has-text-align-center\"><br>Monipuoliset palvelumme ja kaunis saaristolaismilj\u00f6\u00f6 tarjoavat <br>nautittavan p\u00e4iv\u00e4n vuoden ymp\u00e4ri!<br>Caf\u00e9 Bryggan ei ole ainoastaan suosittu kes\u00e4kahvila,<br>tarjoamme pitopalvelun ja tilat erilaisiin tilaisuuksiin ja juhliin. <br> Meilt\u00e4 voit saada my\u00f6s ikimuistettavia luontoel\u00e4myksi\u00e4 erikokoisille ryhmille oppaan kanssa.<\/p>\n\n\n\n<p class=\"has-text-align-center\">Aukioloajat:<br>Suljettu!<br><br>Olemme avoinna ryhmille. Ota yhteytt\u00e4 info@cafebryggan.fi jos haluat lis\u00e4tietoja tai varata.<\/p>\n\n\n\n<p class=\"has-text-align-center\">V\u00e4lkommen! Tervetuloa!<br>N\u00e4hd\u00e4\u00e4n laiturilla!<\/p>\n\n\n\n<figure class=\"wp-block-gallery has-nested-images columns-default is-cropped wp-block-gallery-1 is-layout-flex wp-block-gallery-is-layout-flex\">\n<figure class=\"wp-block-image size-large\"><img decoding=\"async\" width=\"667\" height=\"1000\" data-id=\"229\" src=\"https:\/\/cafebryggan.fi\/wp-content\/uploads\/2021\/03\/IMG_9113.jpg\" alt=\"\" class=\"wp-image-229\" srcset=\"https:\/\/cafebryggan.fi\/wp-content\/uploads\/2021\/03\/IMG_9113.jpg 667w, https:\/\/cafebryggan.fi\/wp-content\/uploads\/2021\/03\/IMG_9113-200x300.jpg 200w\" sizes=\"(max-width: 667px) 100vw, 667px\" \/><\/figure>\n\n\n\n<figure class=\"wp-block-image size-large\"><img decoding=\"async\" width=\"682\" height=\"1024\" data-id=\"230\" src=\"https:\/\/cafebryggan.fi\/wp-content\/uploads\/2021\/03\/IMG_9168-682x1024.jpg\" alt=\"\" class=\"wp-image-230\" srcset=\"https:\/\/cafebryggan.fi\/wp-content\/uploads\/2021\/03\/IMG_9168-682x1024.jpg 682w, https:\/\/cafebryggan.fi\/wp-content\/uploads\/2021\/03\/IMG_9168-200x300.jpg 200w, https:\/\/cafebryggan.fi\/wp-content\/uploads\/2021\/03\/IMG_9168-768x1152.jpg 768w, https:\/\/cafebryggan.fi\/wp-content\/uploads\/2021\/03\/IMG_9168-1024x1536.jpg 1024w, https:\/\/cafebryggan.fi\/wp-content\/uploads\/2021\/03\/IMG_9168.jpg 1333w\" sizes=\"(max-width: 682px) 100vw, 682px\" \/><\/figure>\n\n\n\n<figure class=\"wp-block-image size-large\"><img loading=\"lazy\" decoding=\"async\" width=\"667\" height=\"1000\" data-id=\"231\" src=\"https:\/\/cafebryggan.fi\/wp-content\/uploads\/2021\/03\/IMG_9260.jpg\" alt=\"\" class=\"wp-image-231\" srcset=\"https:\/\/cafebryggan.fi\/wp-content\/uploads\/2021\/03\/IMG_9260.jpg 667w, https:\/\/cafebryggan.fi\/wp-content\/uploads\/2021\/03\/IMG_9260-200x300.jpg 200w\" sizes=\"(max-width: 667px) 100vw, 667px\" \/><\/figure>\n<\/figure>\n","protected":false},"excerpt":{"rendered":"<p>Saariston tunnelmaa ja hyv\u00e4\u00e4 ruokaa vuoden ymp\u00e4ri! Monipuoliset palvelumme ja kaunis saaristolaismilj\u00f6\u00f6 tarjoavat nautittavan p\u00e4iv\u00e4n vuoden ymp\u00e4ri!Caf\u00e9 Bryggan ei ole ainoastaan suosittu kes\u00e4kahvila,tarjoamme pitopalvelun ja tilat erilaisiin tilaisuuksiin ja juhliin. Meilt\u00e4 voit saada my\u00f6s ikimuistettavia luontoel\u00e4myksi\u00e4 erikokoisille ryhmille oppaan kanssa. Aukioloajat:Suljettu! Olemme avoinna ryhmille. Ota yhteytt\u00e4 info@cafebryggan.fi jos haluat lis\u00e4tietoja tai varata. V\u00e4lkommen! Tervetuloa!N\u00e4hd\u00e4\u00e4n laiturilla!<\/p>\n","protected":false},"author":2,"featured_media":0,"parent":0,"menu_order":0,"comment_status":"closed","ping_status":"closed","template":"","meta":{"neve_meta_sidebar":"full-width","neve_meta_container":"","neve_meta_enable_content_width":"on","neve_meta_content_width":100,"neve_meta_title_alignment":"","neve_meta_author_avatar":"","neve_post_elements_order":"","neve_meta_disable_header":"","neve_meta_disable_footer":"","neve_meta_disable_title":"","footnotes":""},"class_list":["post-319","page","type-page","status-publish","hentry"],"_links":{"self":[{"href":"https:\/\/cafebryggan.fi\/index.php?rest_route=\/wp\/v2\/pages\/319","targetHints":{"allow":["GET"]}}],"collection":[{"href":"https:\/\/cafebryggan.fi\/index.php?rest_route=\/wp\/v2\/pages"}],"about":[{"href":"https:\/\/cafebryggan.fi\/index.php?rest_route=\/wp\/v2\/types\/page"}],"author":[{"embeddable":true,"href":"https:\/\/cafebryggan.fi\/index.php?rest_route=\/wp\/v2\/users\/2"}],"replies":[{"embeddable":true,"href":"https:\/\/cafebryggan.fi\/index.php?rest_route=%2Fwp%2Fv2%2Fcomments&post=319"}],"version-history":[{"count":22,"href":"https:\/\/cafebryggan.fi\/index.php?rest_route=\/wp\/v2\/pages\/319\/revisions"}],"predecessor-version":[{"id":1289,"href":"https:\/\/cafebryggan.fi\/index.php?rest_route=\/wp\/v2\/pages\/319\/revisions\/1289"}],"wp:attachment":[{"href":"https:\/\/cafebryggan.fi\/index.php?rest_route=%2Fwp%2Fv2%2Fmedia&parent=319"}],"curies":[{"name":"wp","href":"https:\/\/api.w.org\/{rel}","templated":true}]}}