{"id":317,"date":"2021-03-03T11:08:43","date_gmt":"2021-03-03T09:08:43","guid":{"rendered":"https:\/\/cafebryggan.fi\/?page_id=317"},"modified":"2025-08-25T17:26:02","modified_gmt":"2025-08-25T14:26:02","slug":"fiskarbyn","status":"publish","type":"page","link":"https:\/\/cafebryggan.fi\/?page_id=317&lang=en","title":{"rendered":"Fiskarbyn"},"content":{"rendered":"\t\t<div data-elementor-type=\"wp-page\" data-elementor-id=\"317\" class=\"elementor elementor-317\">\n\t\t\t\t\t\t<section class=\"elementor-section elementor-top-section elementor-element elementor-element-08be7c6 elementor-section-boxed elementor-section-height-default elementor-section-height-default\" data-id=\"08be7c6\" data-element_type=\"section\">\n\t\t\t\t\t\t<div class=\"elementor-container elementor-column-gap-default\">\n\t\t\t\t\t<div class=\"elementor-column elementor-col-100 elementor-top-column elementor-element elementor-element-513046a\" data-id=\"513046a\" data-element_type=\"column\">\n\t\t\t<div class=\"elementor-widget-wrap elementor-element-populated\">\n\t\t\t\t\t\t<div class=\"elementor-element elementor-element-c4471b3 elementor-widget elementor-widget-image\" data-id=\"c4471b3\" data-element_type=\"widget\" data-widget_type=\"image.default\">\n\t\t\t\t<div class=\"elementor-widget-container\">\n\t\t\t\t\t\t\t\t\t\t\t\t\t\t\t<img fetchpriority=\"high\" decoding=\"async\" width=\"2560\" height=\"1707\" src=\"https:\/\/cafebryggan.fi\/wp-content\/uploads\/2025\/02\/CG3A3025-scaled.jpg\" class=\"attachment-full size-full wp-image-1203\" alt=\"\" srcset=\"https:\/\/cafebryggan.fi\/wp-content\/uploads\/2025\/02\/CG3A3025-scaled.jpg 2560w, https:\/\/cafebryggan.fi\/wp-content\/uploads\/2025\/02\/CG3A3025-300x200.jpg 300w, https:\/\/cafebryggan.fi\/wp-content\/uploads\/2025\/02\/CG3A3025-1024x683.jpg 1024w, https:\/\/cafebryggan.fi\/wp-content\/uploads\/2025\/02\/CG3A3025-768x512.jpg 768w, https:\/\/cafebryggan.fi\/wp-content\/uploads\/2025\/02\/CG3A3025-1536x1024.jpg 1536w, https:\/\/cafebryggan.fi\/wp-content\/uploads\/2025\/02\/CG3A3025-2048x1365.jpg 2048w, https:\/\/cafebryggan.fi\/wp-content\/uploads\/2025\/02\/CG3A3025-930x620.jpg 930w\" sizes=\"(max-width: 2560px) 100vw, 2560px\" \/>\t\t\t\t\t\t\t\t\t\t\t\t\t\t\t<\/div>\n\t\t\t\t<\/div>\n\t\t\t\t\t<\/div>\n\t\t<\/div>\n\t\t\t\t\t<\/div>\n\t\t<\/section>\n\t\t\t\t<section class=\"elementor-section elementor-top-section elementor-element elementor-element-8b28e63 elementor-section-boxed elementor-section-height-default elementor-section-height-default\" data-id=\"8b28e63\" data-element_type=\"section\">\n\t\t\t\t\t\t<div class=\"elementor-container elementor-column-gap-default\">\n\t\t\t\t\t<div class=\"elementor-column elementor-col-100 elementor-top-column elementor-element elementor-element-03a113c\" data-id=\"03a113c\" data-element_type=\"column\">\n\t\t\t<div class=\"elementor-widget-wrap elementor-element-populated\">\n\t\t\t\t\t\t<div class=\"elementor-element elementor-element-470f712 elementor-widget elementor-widget-text-editor\" data-id=\"470f712\" data-element_type=\"widget\" data-widget_type=\"text-editor.default\">\n\t\t\t\t<div class=\"elementor-widget-container\">\n\t\t\t\t\t\t\t\t\t<div class=\"xdj266r x11i5rnm xat24cr x1mh8g0r x1vvkbs x126k92a\"><div dir=\"auto\"><div class=\"xdj266r x11i5rnm xat24cr x1mh8g0r x1vvkbs x126k92a\">\u00a0<\/div><div class=\"x11i5rnm xat24cr x1mh8g0r x1vvkbs xtlvy1s x126k92a\"><div dir=\"auto\"><p>We are closed for summer 2025<\/p><p>Open only for groups.\u00a0<br \/>Contact info@cafebryggan.fi<br \/>Welcome!<\/p><\/div><div dir=\"auto\">\u00a0<\/div><\/div><\/div><\/div>\t\t\t\t\t\t\t\t<\/div>\n\t\t\t\t<\/div>\n\t\t\t\t\t<\/div>\n\t\t<\/div>\n\t\t\t\t\t<\/div>\n\t\t<\/section>\n\t\t\t\t<section class=\"elementor-section elementor-top-section elementor-element elementor-element-1c42781 elementor-section-content-middle elementor-section-boxed elementor-section-height-default elementor-section-height-default\" data-id=\"1c42781\" data-element_type=\"section\">\n\t\t\t\t\t\t<div class=\"elementor-container elementor-column-gap-default\">\n\t\t\t\t\t<div class=\"elementor-column elementor-col-50 elementor-top-column elementor-element elementor-element-fc4ab42\" data-id=\"fc4ab42\" data-element_type=\"column\">\n\t\t\t<div class=\"elementor-widget-wrap elementor-element-populated\">\n\t\t\t\t\t\t<div class=\"elementor-element elementor-element-00ca412 elementor-widget elementor-widget-image\" data-id=\"00ca412\" data-element_type=\"widget\" data-widget_type=\"image.default\">\n\t\t\t\t<div class=\"elementor-widget-container\">\n\t\t\t\t\t\t\t\t\t\t\t\t\t\t\t<img decoding=\"async\" width=\"930\" height=\"620\" src=\"https:\/\/cafebryggan.fi\/wp-content\/uploads\/2025\/02\/CG3A2958-1-930x620.jpg\" class=\"attachment-neve-blog size-neve-blog wp-image-1201\" alt=\"\" srcset=\"https:\/\/cafebryggan.fi\/wp-content\/uploads\/2025\/02\/CG3A2958-1-930x620.jpg 930w, https:\/\/cafebryggan.fi\/wp-content\/uploads\/2025\/02\/CG3A2958-1-300x200.jpg 300w, https:\/\/cafebryggan.fi\/wp-content\/uploads\/2025\/02\/CG3A2958-1-1024x683.jpg 1024w, https:\/\/cafebryggan.fi\/wp-content\/uploads\/2025\/02\/CG3A2958-1-768x512.jpg 768w, https:\/\/cafebryggan.fi\/wp-content\/uploads\/2025\/02\/CG3A2958-1-1536x1024.jpg 1536w, https:\/\/cafebryggan.fi\/wp-content\/uploads\/2025\/02\/CG3A2958-1-2048x1365.jpg 2048w\" sizes=\"(max-width: 930px) 100vw, 930px\" \/>\t\t\t\t\t\t\t\t\t\t\t\t\t\t\t<\/div>\n\t\t\t\t<\/div>\n\t\t\t\t\t<\/div>\n\t\t<\/div>\n\t\t\t\t<div class=\"elementor-column elementor-col-50 elementor-top-column elementor-element elementor-element-8ffdafa\" data-id=\"8ffdafa\" data-element_type=\"column\">\n\t\t\t<div class=\"elementor-widget-wrap elementor-element-populated\">\n\t\t\t\t\t\t<div class=\"elementor-element elementor-element-b0f8dd4 elementor-widget elementor-widget-text-editor\" data-id=\"b0f8dd4\" data-element_type=\"widget\" data-widget_type=\"text-editor.default\">\n\t\t\t\t<div class=\"elementor-widget-container\">\n\t\t\t\t\t\t\t\t\t<h3>Fiskarbyn<\/h3><p>Summer cafe, restaurant, beach, pier for visiting boats and <br \/>\u00d6ja Archipelago Trails.<\/p>\t\t\t\t\t\t\t\t<\/div>\n\t\t\t\t<\/div>\n\t\t\t\t\t<\/div>\n\t\t<\/div>\n\t\t\t\t\t<\/div>\n\t\t<\/section>\n\t\t\t\t<section class=\"elementor-section elementor-top-section elementor-element elementor-element-bb035b9 elementor-section-boxed elementor-section-height-default elementor-section-height-default\" data-id=\"bb035b9\" data-element_type=\"section\">\n\t\t\t\t\t\t<div class=\"elementor-container elementor-column-gap-default\">\n\t\t\t\t\t<div class=\"elementor-column elementor-col-50 elementor-top-column elementor-element elementor-element-ad0df2a\" data-id=\"ad0df2a\" data-element_type=\"column\">\n\t\t\t<div class=\"elementor-widget-wrap elementor-element-populated\">\n\t\t\t\t\t\t<div class=\"elementor-element elementor-element-d532755 elementor-widget elementor-widget-text-editor\" data-id=\"d532755\" data-element_type=\"widget\" data-widget_type=\"text-editor.default\">\n\t\t\t\t<div class=\"elementor-widget-container\">\n\t\t\t\t\t\t\t\t\t<h3>Guest harbour<\/h3><p>Caf\u00e9 Bryggan pier for visiting boats (Bod\u00f6)<br \/>Place f\u00f6r 10 boats.<br \/>Depth\u00a0 1,5-2 meters. Fee 10\u20ac (electricity-, toilet- and shower)<br \/>F\u00f6rt\u00f6jning: Boj, p\u00e5le, sidof\u00f6rt\u00f6jning<br \/>\u00a063\u00b050,2\u00b022\u00b054,1<\/p><p>Summer caf\u00e9 is open during summer months.<\/p><p>\u00d6ja Archipelago Trail is 22 km long, H\u00e5kkis trail 12 km.\u00a0 Starting point is located by Cafe Bryggan.<\/p>\t\t\t\t\t\t\t\t<\/div>\n\t\t\t\t<\/div>\n\t\t\t\t<div class=\"elementor-element elementor-element-03e8aea elementor-widget elementor-widget-text-editor\" data-id=\"03e8aea\" data-element_type=\"widget\" data-widget_type=\"text-editor.default\">\n\t\t\t\t<div class=\"elementor-widget-container\">\n\t\t\t\t\t\t\t\t\t<h4>Find the map for hiking here!<\/h4><p class=\"kvgmc6g5 cxmmr5t8 oygrvhab hcukyx3x c1et5uql ii04i59q\"><a href=\"https:\/\/retkikartta.fi\/?featureClass=lipas-routes&amp;id=528806\">\u00a0Retkikartta.fi<\/a><br \/><a href=\"https:\/\/www.outdooractive.com\/fi\/search\/?q=%C3%B6ja\">Outdooractive.com\/fi <\/a><\/p>\t\t\t\t\t\t\t\t<\/div>\n\t\t\t\t<\/div>\n\t\t\t\t\t<\/div>\n\t\t<\/div>\n\t\t\t\t<div class=\"elementor-column elementor-col-50 elementor-top-column elementor-element elementor-element-15d8380\" data-id=\"15d8380\" data-element_type=\"column\">\n\t\t\t<div class=\"elementor-widget-wrap elementor-element-populated\">\n\t\t\t\t\t\t<div class=\"elementor-element elementor-element-36ec4b1 elementor-widget elementor-widget-image\" data-id=\"36ec4b1\" data-element_type=\"widget\" data-widget_type=\"image.default\">\n\t\t\t\t<div class=\"elementor-widget-container\">\n\t\t\t\t\t\t\t\t\t\t\t\t\t\t\t<img decoding=\"async\" width=\"683\" height=\"1024\" src=\"https:\/\/cafebryggan.fi\/wp-content\/uploads\/2025\/02\/CG3A3042-683x1024.jpg\" class=\"attachment-large size-large wp-image-1205\" alt=\"\" srcset=\"https:\/\/cafebryggan.fi\/wp-content\/uploads\/2025\/02\/CG3A3042-683x1024.jpg 683w, https:\/\/cafebryggan.fi\/wp-content\/uploads\/2025\/02\/CG3A3042-200x300.jpg 200w, https:\/\/cafebryggan.fi\/wp-content\/uploads\/2025\/02\/CG3A3042-768x1152.jpg 768w, https:\/\/cafebryggan.fi\/wp-content\/uploads\/2025\/02\/CG3A3042-1024x1536.jpg 1024w, https:\/\/cafebryggan.fi\/wp-content\/uploads\/2025\/02\/CG3A3042-1365x2048.jpg 1365w, https:\/\/cafebryggan.fi\/wp-content\/uploads\/2025\/02\/CG3A3042-scaled.jpg 1707w\" sizes=\"(max-width: 683px) 100vw, 683px\" \/>\t\t\t\t\t\t\t\t\t\t\t\t\t\t\t<\/div>\n\t\t\t\t<\/div>\n\t\t\t\t\t<\/div>\n\t\t<\/div>\n\t\t\t\t\t<\/div>\n\t\t<\/section>\n\t\t\t\t<section class=\"elementor-section elementor-top-section elementor-element elementor-element-9994a01 elementor-section-boxed elementor-section-height-default elementor-section-height-default\" data-id=\"9994a01\" data-element_type=\"section\">\n\t\t\t\t\t\t<div class=\"elementor-container elementor-column-gap-default\">\n\t\t\t\t\t<div class=\"elementor-column elementor-col-50 elementor-top-column elementor-element elementor-element-1046ae2\" data-id=\"1046ae2\" data-element_type=\"column\">\n\t\t\t<div class=\"elementor-widget-wrap elementor-element-populated\">\n\t\t\t\t\t\t<div class=\"elementor-element elementor-element-1c13b7d elementor-widget elementor-widget-text-editor\" data-id=\"1c13b7d\" data-element_type=\"widget\" data-widget_type=\"text-editor.default\">\n\t\t\t\t<div class=\"elementor-widget-container\">\n\t\t\t\t\t\t\t\t\t<p>Follow us in social media!<\/p>\t\t\t\t\t\t\t\t<\/div>\n\t\t\t\t<\/div>\n\t\t\t\t<div class=\"elementor-element elementor-element-1f3f2a0 elementor-shape-rounded elementor-grid-0 e-grid-align-center elementor-widget elementor-widget-social-icons\" data-id=\"1f3f2a0\" data-element_type=\"widget\" data-widget_type=\"social-icons.default\">\n\t\t\t\t<div class=\"elementor-widget-container\">\n\t\t\t\t\t\t\t<div class=\"elementor-social-icons-wrapper elementor-grid\" role=\"list\">\n\t\t\t\t\t\t\t<span class=\"elementor-grid-item\" role=\"listitem\">\n\t\t\t\t\t<a class=\"elementor-icon elementor-social-icon elementor-social-icon-facebook elementor-repeater-item-6e4188f\" href=\"https:\/\/www.facebook.com\/fiskarbyn\" target=\"_blank\">\n\t\t\t\t\t\t<span class=\"elementor-screen-only\">Facebook<\/span>\n\t\t\t\t\t\t<i class=\"fab fa-facebook\"><\/i>\t\t\t\t\t<\/a>\n\t\t\t\t<\/span>\n\t\t\t\t\t\t\t<span class=\"elementor-grid-item\" role=\"listitem\">\n\t\t\t\t\t<a class=\"elementor-icon elementor-social-icon elementor-social-icon-instagram elementor-repeater-item-d17a614\" href=\"https:\/\/www.instagram.com\/cafebryggan\/\" target=\"_blank\">\n\t\t\t\t\t\t<span class=\"elementor-screen-only\">Instagram<\/span>\n\t\t\t\t\t\t<i class=\"fab fa-instagram\"><\/i>\t\t\t\t\t<\/a>\n\t\t\t\t<\/span>\n\t\t\t\t\t<\/div>\n\t\t\t\t\t\t<\/div>\n\t\t\t\t<\/div>\n\t\t\t\t\t<\/div>\n\t\t<\/div>\n\t\t\t\t<div class=\"elementor-column elementor-col-50 elementor-top-column elementor-element elementor-element-09b5dd0\" data-id=\"09b5dd0\" data-element_type=\"column\">\n\t\t\t<div class=\"elementor-widget-wrap elementor-element-populated\">\n\t\t\t\t\t\t<div class=\"elementor-element elementor-element-4fa0e72 elementor-widget elementor-widget-image\" data-id=\"4fa0e72\" data-element_type=\"widget\" data-widget_type=\"image.default\">\n\t\t\t\t<div class=\"elementor-widget-container\">\n\t\t\t\t\t\t\t\t\t\t\t\t<figure class=\"wp-caption\">\n\t\t\t\t\t\t\t\t\t\t<img loading=\"lazy\" decoding=\"async\" width=\"1024\" height=\"683\" src=\"https:\/\/cafebryggan.fi\/wp-content\/uploads\/2021\/03\/IMG_1271a-1024x683.jpg\" class=\"attachment-large size-large wp-image-400\" alt=\"\" srcset=\"https:\/\/cafebryggan.fi\/wp-content\/uploads\/2021\/03\/IMG_1271a-1024x683.jpg 1024w, https:\/\/cafebryggan.fi\/wp-content\/uploads\/2021\/03\/IMG_1271a-300x200.jpg 300w, https:\/\/cafebryggan.fi\/wp-content\/uploads\/2021\/03\/IMG_1271a-768x512.jpg 768w, https:\/\/cafebryggan.fi\/wp-content\/uploads\/2021\/03\/IMG_1271a-930x620.jpg 930w, https:\/\/cafebryggan.fi\/wp-content\/uploads\/2021\/03\/IMG_1271a.jpg 1200w\" sizes=\"(max-width: 1024px) 100vw, 1024px\" \/>\t\t\t\t\t\t\t\t\t\t\t<figcaption class=\"widget-image-caption wp-caption-text\">Beach is located near by Caf\u00e9 Bryggan, it is a sand beach, childfriendly and has simple changing rooms.<\/figcaption>\n\t\t\t\t\t\t\t\t\t\t<\/figure>\n\t\t\t\t\t\t\t\t\t<\/div>\n\t\t\t\t<\/div>\n\t\t\t\t\t<\/div>\n\t\t<\/div>\n\t\t\t\t\t<\/div>\n\t\t<\/section>\n\t\t\t\t<section class=\"elementor-section elementor-top-section elementor-element elementor-element-60a4208 elementor-section-boxed elementor-section-height-default elementor-section-height-default\" data-id=\"60a4208\" data-element_type=\"section\">\n\t\t\t\t\t\t<div class=\"elementor-container elementor-column-gap-default\">\n\t\t\t\t\t<div class=\"elementor-column elementor-col-25 elementor-top-column elementor-element elementor-element-f246ba5\" data-id=\"f246ba5\" data-element_type=\"column\">\n\t\t\t<div class=\"elementor-widget-wrap elementor-element-populated\">\n\t\t\t\t\t\t<div class=\"elementor-element elementor-element-d95c835 elementor-widget elementor-widget-image\" data-id=\"d95c835\" data-element_type=\"widget\" data-widget_type=\"image.default\">\n\t\t\t\t<div class=\"elementor-widget-container\">\n\t\t\t\t\t\t\t\t\t\t\t\t<figure class=\"wp-caption\">\n\t\t\t\t\t\t\t\t\t\t<img loading=\"lazy\" decoding=\"async\" width=\"1024\" height=\"683\" src=\"https:\/\/cafebryggan.fi\/wp-content\/uploads\/2025\/02\/CG3A2995-1024x683.jpg\" class=\"attachment-large size-large wp-image-1210\" alt=\"\" srcset=\"https:\/\/cafebryggan.fi\/wp-content\/uploads\/2025\/02\/CG3A2995-1024x683.jpg 1024w, https:\/\/cafebryggan.fi\/wp-content\/uploads\/2025\/02\/CG3A2995-300x200.jpg 300w, https:\/\/cafebryggan.fi\/wp-content\/uploads\/2025\/02\/CG3A2995-768x512.jpg 768w, https:\/\/cafebryggan.fi\/wp-content\/uploads\/2025\/02\/CG3A2995-1536x1024.jpg 1536w, https:\/\/cafebryggan.fi\/wp-content\/uploads\/2025\/02\/CG3A2995-2048x1365.jpg 2048w, https:\/\/cafebryggan.fi\/wp-content\/uploads\/2025\/02\/CG3A2995-930x620.jpg 930w\" sizes=\"(max-width: 1024px) 100vw, 1024px\" \/>\t\t\t\t\t\t\t\t\t\t\t<figcaption class=\"widget-image-caption wp-caption-text\">Caf\u00e9 Bryggan \u00e4r en \u00e4kta sommarcaf\u00e9 i sk\u00e4rg\u00e5rden  d\u00e4r du njuter av vackra  vyer och b\u00e5de s\u00f6ta och salta tilltugg.<\/figcaption>\n\t\t\t\t\t\t\t\t\t\t<\/figure>\n\t\t\t\t\t\t\t\t\t<\/div>\n\t\t\t\t<\/div>\n\t\t\t\t\t<\/div>\n\t\t<\/div>\n\t\t\t\t<div class=\"elementor-column elementor-col-25 elementor-top-column elementor-element elementor-element-db0be49\" data-id=\"db0be49\" data-element_type=\"column\">\n\t\t\t<div class=\"elementor-widget-wrap elementor-element-populated\">\n\t\t\t\t\t\t<div class=\"elementor-element elementor-element-f334207 elementor-widget elementor-widget-image\" data-id=\"f334207\" data-element_type=\"widget\" data-widget_type=\"image.default\">\n\t\t\t\t<div class=\"elementor-widget-container\">\n\t\t\t\t\t\t\t\t\t\t\t\t<figure class=\"wp-caption\">\n\t\t\t\t\t\t\t\t\t\t\t<a href=\"http:\/\/sundholms.com\/sv\/hem\/\">\n\t\t\t\t\t\t\t<img loading=\"lazy\" decoding=\"async\" width=\"1024\" height=\"683\" src=\"https:\/\/cafebryggan.fi\/wp-content\/uploads\/2021\/03\/3L3A8885-1024x683.jpg\" class=\"attachment-large size-large wp-image-150\" alt=\"\" srcset=\"https:\/\/cafebryggan.fi\/wp-content\/uploads\/2021\/03\/3L3A8885-1024x683.jpg 1024w, https:\/\/cafebryggan.fi\/wp-content\/uploads\/2021\/03\/3L3A8885-300x200.jpg 300w, https:\/\/cafebryggan.fi\/wp-content\/uploads\/2021\/03\/3L3A8885-768x512.jpg 768w, https:\/\/cafebryggan.fi\/wp-content\/uploads\/2021\/03\/3L3A8885-930x620.jpg 930w, https:\/\/cafebryggan.fi\/wp-content\/uploads\/2021\/03\/3L3A8885.jpg 1200w\" sizes=\"(max-width: 1024px) 100vw, 1024px\" \/>\t\t\t\t\t\t\t\t<\/a>\n\t\t\t\t\t\t\t\t\t\t\t<figcaption class=\"widget-image-caption wp-caption-text\">Sundholms g\u00e5rden bjuder airbnb boende n\u00e4ra naturen, simstranden  och Cafe Bryggan.<\/figcaption>\n\t\t\t\t\t\t\t\t\t\t<\/figure>\n\t\t\t\t\t\t\t\t\t<\/div>\n\t\t\t\t<\/div>\n\t\t\t\t\t<\/div>\n\t\t<\/div>\n\t\t\t\t<div class=\"elementor-column elementor-col-25 elementor-top-column elementor-element elementor-element-1d79666\" data-id=\"1d79666\" data-element_type=\"column\">\n\t\t\t<div class=\"elementor-widget-wrap elementor-element-populated\">\n\t\t\t\t\t\t<div class=\"elementor-element elementor-element-cc998f0 elementor-widget elementor-widget-image\" data-id=\"cc998f0\" data-element_type=\"widget\" data-widget_type=\"image.default\">\n\t\t\t\t<div class=\"elementor-widget-container\">\n\t\t\t\t\t\t\t\t\t\t\t\t<figure class=\"wp-caption\">\n\t\t\t\t\t\t\t\t\t\t<img loading=\"lazy\" decoding=\"async\" width=\"1024\" height=\"683\" src=\"https:\/\/cafebryggan.fi\/wp-content\/uploads\/2021\/02\/IMG_4668-1024x683.jpg\" class=\"attachment-large size-large wp-image-113\" alt=\"\" srcset=\"https:\/\/cafebryggan.fi\/wp-content\/uploads\/2021\/02\/IMG_4668-1024x683.jpg 1024w, https:\/\/cafebryggan.fi\/wp-content\/uploads\/2021\/02\/IMG_4668-300x200.jpg 300w, https:\/\/cafebryggan.fi\/wp-content\/uploads\/2021\/02\/IMG_4668-768x512.jpg 768w, https:\/\/cafebryggan.fi\/wp-content\/uploads\/2021\/02\/IMG_4668-930x620.jpg 930w, https:\/\/cafebryggan.fi\/wp-content\/uploads\/2021\/02\/IMG_4668.jpg 1200w\" sizes=\"(max-width: 1024px) 100vw, 1024px\" \/>\t\t\t\t\t\t\t\t\t\t\t<figcaption class=\"widget-image-caption wp-caption-text\">Sk\u00e4rg\u00e5rdsledens start finns intill simstranden. <\/figcaption>\n\t\t\t\t\t\t\t\t\t\t<\/figure>\n\t\t\t\t\t\t\t\t\t<\/div>\n\t\t\t\t<\/div>\n\t\t\t\t\t<\/div>\n\t\t<\/div>\n\t\t\t\t<div class=\"elementor-column elementor-col-25 elementor-top-column elementor-element elementor-element-6a91275\" data-id=\"6a91275\" data-element_type=\"column\">\n\t\t\t<div class=\"elementor-widget-wrap elementor-element-populated\">\n\t\t\t\t\t\t<div class=\"elementor-element elementor-element-913aeff elementor-widget elementor-widget-image\" data-id=\"913aeff\" data-element_type=\"widget\" data-widget_type=\"image.default\">\n\t\t\t\t<div class=\"elementor-widget-container\">\n\t\t\t\t\t\t\t\t\t\t\t\t<figure class=\"wp-caption\">\n\t\t\t\t\t\t\t\t\t\t<img loading=\"lazy\" decoding=\"async\" width=\"1024\" height=\"683\" src=\"https:\/\/cafebryggan.fi\/wp-content\/uploads\/2021\/02\/IMG_6214-1024x683.jpg\" class=\"attachment-large size-large wp-image-33\" alt=\"\" srcset=\"https:\/\/cafebryggan.fi\/wp-content\/uploads\/2021\/02\/IMG_6214-1024x683.jpg 1024w, https:\/\/cafebryggan.fi\/wp-content\/uploads\/2021\/02\/IMG_6214-300x200.jpg 300w, https:\/\/cafebryggan.fi\/wp-content\/uploads\/2021\/02\/IMG_6214-768x512.jpg 768w, https:\/\/cafebryggan.fi\/wp-content\/uploads\/2021\/02\/IMG_6214-930x620.jpg 930w, https:\/\/cafebryggan.fi\/wp-content\/uploads\/2021\/02\/IMG_6214.jpg 1200w\" sizes=\"(max-width: 1024px) 100vw, 1024px\" \/>\t\t\t\t\t\t\t\t\t\t\t<figcaption class=\"widget-image-caption wp-caption-text\">M\u00f6jlighet att ordna st\u00e4mningsfulla  evenemanger till sm\u00e5 och stora grupper.<\/figcaption>\n\t\t\t\t\t\t\t\t\t\t<\/figure>\n\t\t\t\t\t\t\t\t\t<\/div>\n\t\t\t\t<\/div>\n\t\t\t\t\t<\/div>\n\t\t<\/div>\n\t\t\t\t\t<\/div>\n\t\t<\/section>\n\t\t\t\t<section class=\"elementor-section elementor-top-section elementor-element elementor-element-46b0b10 elementor-section-boxed elementor-section-height-default elementor-section-height-default\" data-id=\"46b0b10\" data-element_type=\"section\">\n\t\t\t\t\t\t<div class=\"elementor-container elementor-column-gap-default\">\n\t\t\t\t\t<div class=\"elementor-column elementor-col-100 elementor-top-column elementor-element elementor-element-e4fe24f\" data-id=\"e4fe24f\" data-element_type=\"column\">\n\t\t\t<div class=\"elementor-widget-wrap elementor-element-populated\">\n\t\t\t\t\t\t<div class=\"elementor-element elementor-element-01e5330 elementor-widget elementor-widget-spacer\" data-id=\"01e5330\" data-element_type=\"widget\" data-widget_type=\"spacer.default\">\n\t\t\t\t<div class=\"elementor-widget-container\">\n\t\t\t\t\t\t\t<div class=\"elementor-spacer\">\n\t\t\t<div class=\"elementor-spacer-inner\"><\/div>\n\t\t<\/div>\n\t\t\t\t\t\t<\/div>\n\t\t\t\t<\/div>\n\t\t\t\t\t<\/div>\n\t\t<\/div>\n\t\t\t\t\t<\/div>\n\t\t<\/section>\n\t\t\t\t<section class=\"elementor-section elementor-top-section elementor-element elementor-element-a3f9d50 elementor-section-boxed elementor-section-height-default elementor-section-height-default\" data-id=\"a3f9d50\" data-element_type=\"section\">\n\t\t\t\t\t\t<div class=\"elementor-container elementor-column-gap-default\">\n\t\t\t\t\t<div class=\"elementor-column elementor-col-100 elementor-top-column elementor-element elementor-element-0f00f54\" data-id=\"0f00f54\" data-element_type=\"column\">\n\t\t\t<div class=\"elementor-widget-wrap elementor-element-populated\">\n\t\t\t\t\t\t<div class=\"elementor-element elementor-element-6403a79 elementor-widget elementor-widget-heading\" data-id=\"6403a79\" data-element_type=\"widget\" data-widget_type=\"heading.default\">\n\t\t\t\t<div class=\"elementor-widget-container\">\n\t\t\t\t\t<h2 class=\"elementor-heading-title elementor-size-default\">Experience the beautiful \u00d6ja archipelago!<\/h2>\t\t\t\t<\/div>\n\t\t\t\t<\/div>\n\t\t\t\t\t<\/div>\n\t\t<\/div>\n\t\t\t\t\t<\/div>\n\t\t<\/section>\n\t\t\t\t<section class=\"elementor-section elementor-top-section elementor-element elementor-element-fe6e1f4 elementor-section-boxed elementor-section-height-default elementor-section-height-default\" data-id=\"fe6e1f4\" data-element_type=\"section\">\n\t\t\t\t\t\t<div class=\"elementor-container elementor-column-gap-default\">\n\t\t\t\t\t<div class=\"elementor-column elementor-col-100 elementor-top-column elementor-element elementor-element-13ef9ed\" data-id=\"13ef9ed\" data-element_type=\"column\">\n\t\t\t<div class=\"elementor-widget-wrap elementor-element-populated\">\n\t\t\t\t\t\t<div class=\"elementor-element elementor-element-3325e7b elementor-widget elementor-widget-image\" data-id=\"3325e7b\" data-element_type=\"widget\" data-widget_type=\"image.default\">\n\t\t\t\t<div class=\"elementor-widget-container\">\n\t\t\t\t\t\t\t\t\t\t\t\t\t\t\t<img loading=\"lazy\" decoding=\"async\" width=\"1200\" height=\"800\" src=\"https:\/\/cafebryggan.fi\/wp-content\/uploads\/2021\/03\/IMG_0897-1.jpg\" class=\"attachment-full size-full wp-image-164\" alt=\"\" srcset=\"https:\/\/cafebryggan.fi\/wp-content\/uploads\/2021\/03\/IMG_0897-1.jpg 1200w, https:\/\/cafebryggan.fi\/wp-content\/uploads\/2021\/03\/IMG_0897-1-300x200.jpg 300w, https:\/\/cafebryggan.fi\/wp-content\/uploads\/2021\/03\/IMG_0897-1-1024x683.jpg 1024w, https:\/\/cafebryggan.fi\/wp-content\/uploads\/2021\/03\/IMG_0897-1-768x512.jpg 768w, https:\/\/cafebryggan.fi\/wp-content\/uploads\/2021\/03\/IMG_0897-1-930x620.jpg 930w\" sizes=\"(max-width: 1200px) 100vw, 1200px\" \/>\t\t\t\t\t\t\t\t\t\t\t\t\t\t\t<\/div>\n\t\t\t\t<\/div>\n\t\t\t\t\t<\/div>\n\t\t<\/div>\n\t\t\t\t\t<\/div>\n\t\t<\/section>\n\t\t\t\t<\/div>\n\t\t","protected":false},"excerpt":{"rendered":"<p>\u00a0 We are closed for summer 2025 Open only for groups.\u00a0Contact info@cafebryggan.fiWelcome! \u00a0 Fiskarbyn Summer cafe, restaurant, beach, pier for visiting boats and \u00d6ja Archipelago Trails. Guest harbour Caf\u00e9 Bryggan pier for visiting boats (Bod\u00f6)Place f\u00f6r 10 boats.Depth\u00a0 1,5-2 meters. Fee 10\u20ac (electricity-, toilet- and shower)F\u00f6rt\u00f6jning: Boj, p\u00e5le, sidof\u00f6rt\u00f6jning\u00a063\u00b050,2\u00b022\u00b054,1 Summer caf\u00e9 is open during summer&hellip;&nbsp;<a href=\"https:\/\/cafebryggan.fi\/?page_id=317&#038;lang=en\" rel=\"bookmark\">Lue lis\u00e4\u00e4 &raquo;<span class=\"screen-reader-text\">Fiskarbyn<\/span><\/a><\/p>\n","protected":false},"author":2,"featured_media":0,"parent":0,"menu_order":0,"comment_status":"closed","ping_status":"closed","template":"page-templates\/template-pagebuilder-full-width.php","meta":{"neve_meta_sidebar":"full-width","neve_meta_container":"","neve_meta_enable_content_width":"on","neve_meta_content_width":100,"neve_meta_title_alignment":"","neve_meta_author_avatar":"","neve_post_elements_order":"","neve_meta_disable_header":"","neve_meta_disable_footer":"","neve_meta_disable_title":"","footnotes":""},"class_list":["post-317","page","type-page","status-publish","hentry"],"_links":{"self":[{"href":"https:\/\/cafebryggan.fi\/index.php?rest_route=\/wp\/v2\/pages\/317","targetHints":{"allow":["GET"]}}],"collection":[{"href":"https:\/\/cafebryggan.fi\/index.php?rest_route=\/wp\/v2\/pages"}],"about":[{"href":"https:\/\/cafebryggan.fi\/index.php?rest_route=\/wp\/v2\/types\/page"}],"author":[{"embeddable":true,"href":"https:\/\/cafebryggan.fi\/index.php?rest_route=\/wp\/v2\/users\/2"}],"replies":[{"embeddable":true,"href":"https:\/\/cafebryggan.fi\/index.php?rest_route=%2Fwp%2Fv2%2Fcomments&post=317"}],"version-history":[{"count":136,"href":"https:\/\/cafebryggan.fi\/index.php?rest_route=\/wp\/v2\/pages\/317\/revisions"}],"predecessor-version":[{"id":1295,"href":"https:\/\/cafebryggan.fi\/index.php?rest_route=\/wp\/v2\/pages\/317\/revisions\/1295"}],"wp:attachment":[{"href":"https:\/\/cafebryggan.fi\/index.php?rest_route=%2Fwp%2Fv2%2Fmedia&parent=317"}],"curies":[{"name":"wp","href":"https:\/\/api.w.org\/{rel}","templated":true}]}}