{"id":312,"date":"2021-03-03T10:58:35","date_gmt":"2021-03-03T08:58:35","guid":{"rendered":"https:\/\/cafebryggan.fi\/?page_id=312"},"modified":"2025-08-25T17:25:02","modified_gmt":"2025-08-25T14:25:02","slug":"fiskarbyn-2","status":"publish","type":"page","link":"https:\/\/cafebryggan.fi\/?page_id=312&lang=fi","title":{"rendered":"Fiskarbyn"},"content":{"rendered":"\t\t<div data-elementor-type=\"wp-page\" data-elementor-id=\"312\" class=\"elementor elementor-312\">\n\t\t\t\t\t\t<section class=\"elementor-section elementor-top-section elementor-element elementor-element-d6ed979 elementor-section-boxed elementor-section-height-default elementor-section-height-default\" data-id=\"d6ed979\" data-element_type=\"section\">\n\t\t\t\t\t\t<div class=\"elementor-container elementor-column-gap-default\">\n\t\t\t\t\t<div class=\"elementor-column elementor-col-100 elementor-top-column elementor-element elementor-element-a01085c\" data-id=\"a01085c\" data-element_type=\"column\">\n\t\t\t<div class=\"elementor-widget-wrap elementor-element-populated\">\n\t\t\t\t\t\t<div class=\"elementor-element elementor-element-c1e273a elementor-widget elementor-widget-spacer\" data-id=\"c1e273a\" data-element_type=\"widget\" data-widget_type=\"spacer.default\">\n\t\t\t\t<div class=\"elementor-widget-container\">\n\t\t\t\t\t\t\t<div class=\"elementor-spacer\">\n\t\t\t<div class=\"elementor-spacer-inner\"><\/div>\n\t\t<\/div>\n\t\t\t\t\t\t<\/div>\n\t\t\t\t<\/div>\n\t\t\t\t\t<\/div>\n\t\t<\/div>\n\t\t\t\t\t<\/div>\n\t\t<\/section>\n\t\t\t\t<section class=\"elementor-section elementor-top-section elementor-element elementor-element-66a5cd4 elementor-section-boxed elementor-section-height-default elementor-section-height-default\" data-id=\"66a5cd4\" data-element_type=\"section\">\n\t\t\t\t\t\t<div class=\"elementor-container elementor-column-gap-default\">\n\t\t\t\t\t<div class=\"elementor-column elementor-col-100 elementor-top-column elementor-element elementor-element-2c05e3e\" data-id=\"2c05e3e\" data-element_type=\"column\">\n\t\t\t<div class=\"elementor-widget-wrap elementor-element-populated\">\n\t\t\t\t\t\t<div class=\"elementor-element elementor-element-cc648b5 elementor-widget elementor-widget-heading\" data-id=\"cc648b5\" data-element_type=\"widget\" data-widget_type=\"heading.default\">\n\t\t\t\t<div class=\"elementor-widget-container\">\n\t\t\t\t\t<h2 class=\"elementor-heading-title elementor-size-default\">Kalastajakyl\u00e4<\/h2>\t\t\t\t<\/div>\n\t\t\t\t<\/div>\n\t\t\t\t\t<\/div>\n\t\t<\/div>\n\t\t\t\t\t<\/div>\n\t\t<\/section>\n\t\t\t\t<section class=\"elementor-section elementor-top-section elementor-element elementor-element-ca2bcec elementor-section-boxed elementor-section-height-default elementor-section-height-default\" data-id=\"ca2bcec\" data-element_type=\"section\">\n\t\t\t\t\t\t<div class=\"elementor-container elementor-column-gap-default\">\n\t\t\t\t\t<div class=\"elementor-column elementor-col-100 elementor-top-column elementor-element elementor-element-d97e1cb\" data-id=\"d97e1cb\" data-element_type=\"column\">\n\t\t\t<div class=\"elementor-widget-wrap elementor-element-populated\">\n\t\t\t\t\t\t<div class=\"elementor-element elementor-element-5cc47aa elementor-widget elementor-widget-image\" data-id=\"5cc47aa\" data-element_type=\"widget\" data-widget_type=\"image.default\">\n\t\t\t\t<div class=\"elementor-widget-container\">\n\t\t\t\t\t\t\t\t\t\t\t\t\t\t\t<img fetchpriority=\"high\" decoding=\"async\" width=\"1024\" height=\"683\" src=\"https:\/\/cafebryggan.fi\/wp-content\/uploads\/2025\/02\/CG3A3025-1024x683.jpg\" class=\"attachment-large size-large wp-image-1203\" alt=\"\" srcset=\"https:\/\/cafebryggan.fi\/wp-content\/uploads\/2025\/02\/CG3A3025-1024x683.jpg 1024w, https:\/\/cafebryggan.fi\/wp-content\/uploads\/2025\/02\/CG3A3025-300x200.jpg 300w, https:\/\/cafebryggan.fi\/wp-content\/uploads\/2025\/02\/CG3A3025-768x512.jpg 768w, https:\/\/cafebryggan.fi\/wp-content\/uploads\/2025\/02\/CG3A3025-1536x1024.jpg 1536w, https:\/\/cafebryggan.fi\/wp-content\/uploads\/2025\/02\/CG3A3025-2048x1365.jpg 2048w, https:\/\/cafebryggan.fi\/wp-content\/uploads\/2025\/02\/CG3A3025-930x620.jpg 930w\" sizes=\"(max-width: 1024px) 100vw, 1024px\" \/>\t\t\t\t\t\t\t\t\t\t\t\t\t\t\t<\/div>\n\t\t\t\t<\/div>\n\t\t\t\t\t<\/div>\n\t\t<\/div>\n\t\t\t\t\t<\/div>\n\t\t<\/section>\n\t\t\t\t<section class=\"elementor-section elementor-top-section elementor-element elementor-element-f41188c elementor-section-boxed elementor-section-height-default elementor-section-height-default\" data-id=\"f41188c\" data-element_type=\"section\">\n\t\t\t\t\t\t<div class=\"elementor-container elementor-column-gap-default\">\n\t\t\t\t\t<div class=\"elementor-column elementor-col-100 elementor-top-column elementor-element elementor-element-7410e6f\" data-id=\"7410e6f\" data-element_type=\"column\">\n\t\t\t<div class=\"elementor-widget-wrap elementor-element-populated\">\n\t\t\t\t\t\t<div class=\"elementor-element elementor-element-0edc206 elementor-widget elementor-widget-heading\" data-id=\"0edc206\" data-element_type=\"widget\" data-widget_type=\"heading.default\">\n\t\t\t\t<div class=\"elementor-widget-container\">\n\t\t\t\t\t<h3 class=\"elementor-heading-title elementor-size-default\">Kes\u00e4kausi 2025<\/h3>\t\t\t\t<\/div>\n\t\t\t\t<\/div>\n\t\t\t\t\t<\/div>\n\t\t<\/div>\n\t\t\t\t\t<\/div>\n\t\t<\/section>\n\t\t\t\t<section class=\"elementor-section elementor-top-section elementor-element elementor-element-9c6a75a elementor-section-boxed elementor-section-height-default elementor-section-height-default\" data-id=\"9c6a75a\" data-element_type=\"section\">\n\t\t\t\t\t\t<div class=\"elementor-container elementor-column-gap-default\">\n\t\t\t\t\t<div class=\"elementor-column elementor-col-100 elementor-top-column elementor-element elementor-element-d6e5a34\" data-id=\"d6e5a34\" data-element_type=\"column\">\n\t\t\t<div class=\"elementor-widget-wrap elementor-element-populated\">\n\t\t\t\t\t\t<div class=\"elementor-element elementor-element-5295de6 elementor-widget elementor-widget-text-editor\" data-id=\"5295de6\" data-element_type=\"widget\" data-widget_type=\"text-editor.default\">\n\t\t\t\t<div class=\"elementor-widget-container\">\n\t\t\t\t\t\t\t\t\t<div class=\"xdj266r x11i5rnm xat24cr x1mh8g0r x1vvkbs x126k92a\"><div dir=\"auto\"><p>Cafe Bryggan on nyt suljettu.<br \/><br \/>Olemme avoinna ryhmille ymp\u00e4ri vuoden ja r\u00e4\u00e4t\u00e4l\u00f6imme el\u00e4mykset juuri teille! <br \/>Varaukset ja lis\u00e4tiedot: info@cafebryggan.fi.<\/p><\/div><\/div>\t\t\t\t\t\t\t\t<\/div>\n\t\t\t\t<\/div>\n\t\t\t\t\t<\/div>\n\t\t<\/div>\n\t\t\t\t\t<\/div>\n\t\t<\/section>\n\t\t\t\t<section class=\"elementor-section elementor-top-section elementor-element elementor-element-1c42781 elementor-section-content-middle elementor-section-boxed elementor-section-height-default elementor-section-height-default\" data-id=\"1c42781\" data-element_type=\"section\">\n\t\t\t\t\t\t<div class=\"elementor-container elementor-column-gap-default\">\n\t\t\t\t\t<div class=\"elementor-column elementor-col-50 elementor-top-column elementor-element elementor-element-fc4ab42\" data-id=\"fc4ab42\" data-element_type=\"column\">\n\t\t\t<div class=\"elementor-widget-wrap elementor-element-populated\">\n\t\t\t\t\t\t<div class=\"elementor-element elementor-element-00ca412 elementor-widget elementor-widget-image\" data-id=\"00ca412\" data-element_type=\"widget\" data-widget_type=\"image.default\">\n\t\t\t\t<div class=\"elementor-widget-container\">\n\t\t\t\t\t\t\t\t\t\t\t\t\t\t\t<img decoding=\"async\" width=\"930\" height=\"620\" src=\"https:\/\/cafebryggan.fi\/wp-content\/uploads\/2025\/02\/CG3A2958-1-930x620.jpg\" class=\"attachment-neve-blog size-neve-blog wp-image-1201\" alt=\"\" srcset=\"https:\/\/cafebryggan.fi\/wp-content\/uploads\/2025\/02\/CG3A2958-1-930x620.jpg 930w, https:\/\/cafebryggan.fi\/wp-content\/uploads\/2025\/02\/CG3A2958-1-300x200.jpg 300w, https:\/\/cafebryggan.fi\/wp-content\/uploads\/2025\/02\/CG3A2958-1-1024x683.jpg 1024w, https:\/\/cafebryggan.fi\/wp-content\/uploads\/2025\/02\/CG3A2958-1-768x512.jpg 768w, https:\/\/cafebryggan.fi\/wp-content\/uploads\/2025\/02\/CG3A2958-1-1536x1024.jpg 1536w, https:\/\/cafebryggan.fi\/wp-content\/uploads\/2025\/02\/CG3A2958-1-2048x1365.jpg 2048w\" sizes=\"(max-width: 930px) 100vw, 930px\" \/>\t\t\t\t\t\t\t\t\t\t\t\t\t\t\t<\/div>\n\t\t\t\t<\/div>\n\t\t\t\t\t<\/div>\n\t\t<\/div>\n\t\t\t\t<div class=\"elementor-column elementor-col-50 elementor-top-column elementor-element elementor-element-8ffdafa\" data-id=\"8ffdafa\" data-element_type=\"column\">\n\t\t\t<div class=\"elementor-widget-wrap elementor-element-populated\">\n\t\t\t\t\t\t<div class=\"elementor-element elementor-element-b0f8dd4 elementor-widget elementor-widget-text-editor\" data-id=\"b0f8dd4\" data-element_type=\"widget\" data-widget_type=\"text-editor.default\">\n\t\t\t\t<div class=\"elementor-widget-container\">\n\t\t\t\t\t\t\t\t\t<h3>Kalastajakyl\u00e4<\/h3><p>Kes\u00e4kahvila laiturilla, tilausravintola, uimaranta,<br \/>vierassatama ja vaelluspolut.<br \/>Tutustu my\u00f6s yritys- ja juhlapalveluihimme.<\/p><h4>\u00a0<\/h4>\t\t\t\t\t\t\t\t<\/div>\n\t\t\t\t<\/div>\n\t\t\t\t\t<\/div>\n\t\t<\/div>\n\t\t\t\t\t<\/div>\n\t\t<\/section>\n\t\t\t\t<section class=\"elementor-section elementor-top-section elementor-element elementor-element-bb035b9 elementor-section-boxed elementor-section-height-default elementor-section-height-default\" data-id=\"bb035b9\" data-element_type=\"section\">\n\t\t\t\t\t\t<div class=\"elementor-container elementor-column-gap-default\">\n\t\t\t\t\t<div class=\"elementor-column elementor-col-50 elementor-top-column elementor-element elementor-element-ad0df2a\" data-id=\"ad0df2a\" data-element_type=\"column\">\n\t\t\t<div class=\"elementor-widget-wrap elementor-element-populated\">\n\t\t\t\t\t\t<div class=\"elementor-element elementor-element-d532755 elementor-widget elementor-widget-text-editor\" data-id=\"d532755\" data-element_type=\"widget\" data-widget_type=\"text-editor.default\">\n\t\t\t\t<div class=\"elementor-widget-container\">\n\t\t\t\t\t\t\t\t\t<h3>Vierassatama<\/h3><p>Caf\u00e9 Brygganin vierassatama (Bod\u00f6).<br \/>Vierassatamaamme mahtuu noin 10 venett\u00e4. <br \/>Sataman syvyys 1,5-2 metri\u00e4. Satamamaksu 10\u20ac (s\u00e4hk\u00f6-, wc- ja suihkumahdollisuus kuuluu hintaan)<br \/>Kiinnitys: Poiju, paalu, sivukiinnitys.<br \/>Koordinaatit 63\u00b050,2\u00b022\u00b054,1<br \/>Kes\u00e4kahvila auki kes\u00e4kuukausina.<br \/>Saaristopolku 22 km ja H\u00e5kin polku 12 km, infotaulu l\u00f6ytyy Caf\u00e9 Brygganin vierest\u00e4.<\/p>\t\t\t\t\t\t\t\t<\/div>\n\t\t\t\t<\/div>\n\t\t\t\t<div class=\"elementor-element elementor-element-8d0e88d elementor-widget elementor-widget-text-editor\" data-id=\"8d0e88d\" data-element_type=\"widget\" data-widget_type=\"text-editor.default\">\n\t\t\t\t<div class=\"elementor-widget-container\">\n\t\t\t\t\t\t\t\t\t<h4>Vaella Saaristopolulla!<\/h4><p class=\"kvgmc6g5 cxmmr5t8 oygrvhab hcukyx3x c1et5uql ii04i59q\"><a href=\"https:\/\/retkikartta.fi\/?featureClass=lipas-routes&amp;id=528806\">Lataa Saaristopolun kartta t\u00e4st\u00e4 linkist\u00e4 (Retkikartta.fi)<\/a><br \/><a href=\"https:\/\/www.outdooractive.com\/fi\/search\/?q=%C3%B6ja\">Tai Outdooractive.com\/fi kartta t\u00e4st\u00e4.<\/a><\/p>\t\t\t\t\t\t\t\t<\/div>\n\t\t\t\t<\/div>\n\t\t\t\t\t<\/div>\n\t\t<\/div>\n\t\t\t\t<div class=\"elementor-column elementor-col-50 elementor-top-column elementor-element elementor-element-15d8380\" data-id=\"15d8380\" data-element_type=\"column\">\n\t\t\t<div class=\"elementor-widget-wrap elementor-element-populated\">\n\t\t\t\t\t\t<div class=\"elementor-element elementor-element-36ec4b1 elementor-widget elementor-widget-image\" data-id=\"36ec4b1\" data-element_type=\"widget\" data-widget_type=\"image.default\">\n\t\t\t\t<div class=\"elementor-widget-container\">\n\t\t\t\t\t\t\t\t\t\t\t\t\t\t\t<img decoding=\"async\" width=\"683\" height=\"1024\" src=\"https:\/\/cafebryggan.fi\/wp-content\/uploads\/2025\/02\/CG3A3042-683x1024.jpg\" class=\"attachment-large size-large wp-image-1205\" alt=\"\" srcset=\"https:\/\/cafebryggan.fi\/wp-content\/uploads\/2025\/02\/CG3A3042-683x1024.jpg 683w, https:\/\/cafebryggan.fi\/wp-content\/uploads\/2025\/02\/CG3A3042-200x300.jpg 200w, https:\/\/cafebryggan.fi\/wp-content\/uploads\/2025\/02\/CG3A3042-768x1152.jpg 768w, https:\/\/cafebryggan.fi\/wp-content\/uploads\/2025\/02\/CG3A3042-1024x1536.jpg 1024w, https:\/\/cafebryggan.fi\/wp-content\/uploads\/2025\/02\/CG3A3042-1365x2048.jpg 1365w, https:\/\/cafebryggan.fi\/wp-content\/uploads\/2025\/02\/CG3A3042-scaled.jpg 1707w\" sizes=\"(max-width: 683px) 100vw, 683px\" \/>\t\t\t\t\t\t\t\t\t\t\t\t\t\t\t<\/div>\n\t\t\t\t<\/div>\n\t\t\t\t\t<\/div>\n\t\t<\/div>\n\t\t\t\t\t<\/div>\n\t\t<\/section>\n\t\t\t\t<section class=\"elementor-section elementor-top-section elementor-element elementor-element-9994a01 elementor-section-boxed elementor-section-height-default elementor-section-height-default\" data-id=\"9994a01\" data-element_type=\"section\">\n\t\t\t\t\t\t<div class=\"elementor-container elementor-column-gap-default\">\n\t\t\t\t\t<div class=\"elementor-column elementor-col-50 elementor-top-column elementor-element elementor-element-1046ae2\" data-id=\"1046ae2\" data-element_type=\"column\">\n\t\t\t<div class=\"elementor-widget-wrap elementor-element-populated\">\n\t\t\t\t\t\t<div class=\"elementor-element elementor-element-4fa0e72 elementor-widget elementor-widget-image\" data-id=\"4fa0e72\" data-element_type=\"widget\" data-widget_type=\"image.default\">\n\t\t\t\t<div class=\"elementor-widget-container\">\n\t\t\t\t\t\t\t\t\t\t\t\t<figure class=\"wp-caption\">\n\t\t\t\t\t\t\t\t\t\t<img loading=\"lazy\" decoding=\"async\" width=\"1024\" height=\"683\" src=\"https:\/\/cafebryggan.fi\/wp-content\/uploads\/2021\/03\/IMG_1271a-1024x683.jpg\" class=\"attachment-large size-large wp-image-400\" alt=\"\" srcset=\"https:\/\/cafebryggan.fi\/wp-content\/uploads\/2021\/03\/IMG_1271a-1024x683.jpg 1024w, https:\/\/cafebryggan.fi\/wp-content\/uploads\/2021\/03\/IMG_1271a-300x200.jpg 300w, https:\/\/cafebryggan.fi\/wp-content\/uploads\/2021\/03\/IMG_1271a-768x512.jpg 768w, https:\/\/cafebryggan.fi\/wp-content\/uploads\/2021\/03\/IMG_1271a-930x620.jpg 930w, https:\/\/cafebryggan.fi\/wp-content\/uploads\/2021\/03\/IMG_1271a.jpg 1200w\" sizes=\"(max-width: 1024px) 100vw, 1024px\" \/>\t\t\t\t\t\t\t\t\t\t\t<figcaption class=\"widget-image-caption wp-caption-text\">Cafe Brygganin vastarannalta l\u00f6ytyy lapsiyst\u00e4v\u00e4llinen hiekkapohjainen uimaranta, hyppytorni ja pukuhuone.<\/figcaption>\n\t\t\t\t\t\t\t\t\t\t<\/figure>\n\t\t\t\t\t\t\t\t\t<\/div>\n\t\t\t\t<\/div>\n\t\t\t\t\t<\/div>\n\t\t<\/div>\n\t\t\t\t<div class=\"elementor-column elementor-col-50 elementor-top-column elementor-element elementor-element-09b5dd0\" data-id=\"09b5dd0\" data-element_type=\"column\">\n\t\t\t<div class=\"elementor-widget-wrap elementor-element-populated\">\n\t\t\t\t\t\t<div class=\"elementor-element elementor-element-1c13b7d elementor-widget elementor-widget-text-editor\" data-id=\"1c13b7d\" data-element_type=\"widget\" data-widget_type=\"text-editor.default\">\n\t\t\t\t<div class=\"elementor-widget-container\">\n\t\t\t\t\t\t\t\t\t<p>L\u00f6yd\u00e4t meid\u00e4t my\u00f6s Facebookista ja instagramista.<br \/>Tervetuloa seuraamaan!<\/p>\t\t\t\t\t\t\t\t<\/div>\n\t\t\t\t<\/div>\n\t\t\t\t<div class=\"elementor-element elementor-element-1f3f2a0 elementor-shape-rounded elementor-grid-0 e-grid-align-center elementor-widget elementor-widget-social-icons\" data-id=\"1f3f2a0\" data-element_type=\"widget\" data-widget_type=\"social-icons.default\">\n\t\t\t\t<div class=\"elementor-widget-container\">\n\t\t\t\t\t\t\t<div class=\"elementor-social-icons-wrapper elementor-grid\" role=\"list\">\n\t\t\t\t\t\t\t<span class=\"elementor-grid-item\" role=\"listitem\">\n\t\t\t\t\t<a class=\"elementor-icon elementor-social-icon elementor-social-icon-facebook elementor-repeater-item-6e4188f\" href=\"https:\/\/www.facebook.com\/fiskarbyn\" target=\"_blank\">\n\t\t\t\t\t\t<span class=\"elementor-screen-only\">Facebook<\/span>\n\t\t\t\t\t\t<i class=\"fab fa-facebook\"><\/i>\t\t\t\t\t<\/a>\n\t\t\t\t<\/span>\n\t\t\t\t\t\t\t<span class=\"elementor-grid-item\" role=\"listitem\">\n\t\t\t\t\t<a class=\"elementor-icon elementor-social-icon elementor-social-icon-instagram elementor-repeater-item-d17a614\" href=\"https:\/\/www.instagram.com\/cafebryggan\/\" target=\"_blank\">\n\t\t\t\t\t\t<span class=\"elementor-screen-only\">Instagram<\/span>\n\t\t\t\t\t\t<i class=\"fab fa-instagram\"><\/i>\t\t\t\t\t<\/a>\n\t\t\t\t<\/span>\n\t\t\t\t\t<\/div>\n\t\t\t\t\t\t<\/div>\n\t\t\t\t<\/div>\n\t\t\t\t\t<\/div>\n\t\t<\/div>\n\t\t\t\t\t<\/div>\n\t\t<\/section>\n\t\t\t\t<section class=\"elementor-section elementor-top-section elementor-element elementor-element-60a4208 elementor-section-boxed elementor-section-height-default elementor-section-height-default\" data-id=\"60a4208\" data-element_type=\"section\">\n\t\t\t\t\t\t<div class=\"elementor-container elementor-column-gap-default\">\n\t\t\t\t\t<div class=\"elementor-column elementor-col-25 elementor-top-column elementor-element elementor-element-f246ba5\" data-id=\"f246ba5\" data-element_type=\"column\">\n\t\t\t<div class=\"elementor-widget-wrap elementor-element-populated\">\n\t\t\t\t\t\t<div class=\"elementor-element elementor-element-d95c835 elementor-widget elementor-widget-image\" data-id=\"d95c835\" data-element_type=\"widget\" data-widget_type=\"image.default\">\n\t\t\t\t<div class=\"elementor-widget-container\">\n\t\t\t\t\t\t\t\t\t\t\t\t<figure class=\"wp-caption\">\n\t\t\t\t\t\t\t\t\t\t<img loading=\"lazy\" decoding=\"async\" width=\"1024\" height=\"683\" src=\"https:\/\/cafebryggan.fi\/wp-content\/uploads\/2025\/02\/CG3A2995-1024x683.jpg\" class=\"attachment-large size-large wp-image-1210\" alt=\"\" srcset=\"https:\/\/cafebryggan.fi\/wp-content\/uploads\/2025\/02\/CG3A2995-1024x683.jpg 1024w, https:\/\/cafebryggan.fi\/wp-content\/uploads\/2025\/02\/CG3A2995-300x200.jpg 300w, https:\/\/cafebryggan.fi\/wp-content\/uploads\/2025\/02\/CG3A2995-768x512.jpg 768w, https:\/\/cafebryggan.fi\/wp-content\/uploads\/2025\/02\/CG3A2995-1536x1024.jpg 1536w, https:\/\/cafebryggan.fi\/wp-content\/uploads\/2025\/02\/CG3A2995-2048x1365.jpg 2048w, https:\/\/cafebryggan.fi\/wp-content\/uploads\/2025\/02\/CG3A2995-930x620.jpg 930w\" sizes=\"(max-width: 1024px) 100vw, 1024px\" \/>\t\t\t\t\t\t\t\t\t\t\t<figcaption class=\"widget-image-caption wp-caption-text\">Caf\u00e9 Bryggan on aito kes\u00e4kahvila saariston syleilyss\u00e4. Kotoisan kahvion tarjonnasta l\u00f6ytyy jokaiselle jotain, suolaista tai makeaa nautittavaksi merentuoksuisella laiturilla. <\/figcaption>\n\t\t\t\t\t\t\t\t\t\t<\/figure>\n\t\t\t\t\t\t\t\t\t<\/div>\n\t\t\t\t<\/div>\n\t\t\t\t\t<\/div>\n\t\t<\/div>\n\t\t\t\t<div class=\"elementor-column elementor-col-25 elementor-top-column elementor-element elementor-element-db0be49\" data-id=\"db0be49\" data-element_type=\"column\">\n\t\t\t<div class=\"elementor-widget-wrap elementor-element-populated\">\n\t\t\t\t\t\t<div class=\"elementor-element elementor-element-f334207 elementor-widget elementor-widget-image\" data-id=\"f334207\" data-element_type=\"widget\" data-widget_type=\"image.default\">\n\t\t\t\t<div class=\"elementor-widget-container\">\n\t\t\t\t\t\t\t\t\t\t\t\t<figure class=\"wp-caption\">\n\t\t\t\t\t\t\t\t\t\t\t<a href=\"http:\/\/sundholms.com\/sv\/hem\/\">\n\t\t\t\t\t\t\t<img loading=\"lazy\" decoding=\"async\" width=\"1024\" height=\"683\" src=\"https:\/\/cafebryggan.fi\/wp-content\/uploads\/2021\/03\/3L3A8885-1024x683.jpg\" class=\"attachment-large size-large wp-image-150\" alt=\"\" srcset=\"https:\/\/cafebryggan.fi\/wp-content\/uploads\/2021\/03\/3L3A8885-1024x683.jpg 1024w, https:\/\/cafebryggan.fi\/wp-content\/uploads\/2021\/03\/3L3A8885-300x200.jpg 300w, https:\/\/cafebryggan.fi\/wp-content\/uploads\/2021\/03\/3L3A8885-768x512.jpg 768w, https:\/\/cafebryggan.fi\/wp-content\/uploads\/2021\/03\/3L3A8885-930x620.jpg 930w, https:\/\/cafebryggan.fi\/wp-content\/uploads\/2021\/03\/3L3A8885.jpg 1200w\" sizes=\"(max-width: 1024px) 100vw, 1024px\" \/>\t\t\t\t\t\t\t\t<\/a>\n\t\t\t\t\t\t\t\t\t\t\t<figcaption class=\"widget-image-caption wp-caption-text\">Sundholmin tila tarjoaa laadukasta ja viihtyis\u00e4\u00e4 airbnb asumista keskell\u00e4 maalaismaisemaa. K\u00e4velymatkan p\u00e4\u00e4ss\u00e4 l\u00f6ytyv\u00e4t Caf\u00e9 Bryggan, uimaranta ja vaelluspolut. <\/figcaption>\n\t\t\t\t\t\t\t\t\t\t<\/figure>\n\t\t\t\t\t\t\t\t\t<\/div>\n\t\t\t\t<\/div>\n\t\t\t\t\t<\/div>\n\t\t<\/div>\n\t\t\t\t<div class=\"elementor-column elementor-col-25 elementor-top-column elementor-element elementor-element-1d79666\" data-id=\"1d79666\" data-element_type=\"column\">\n\t\t\t<div class=\"elementor-widget-wrap elementor-element-populated\">\n\t\t\t\t\t\t<div class=\"elementor-element elementor-element-cc998f0 elementor-widget elementor-widget-image\" data-id=\"cc998f0\" data-element_type=\"widget\" data-widget_type=\"image.default\">\n\t\t\t\t<div class=\"elementor-widget-container\">\n\t\t\t\t\t\t\t\t\t\t\t\t<figure class=\"wp-caption\">\n\t\t\t\t\t\t\t\t\t\t\t<a href=\"https:\/\/retkikartta.fi\/?featureClass=lipas-routes&#038;id=528806\">\n\t\t\t\t\t\t\t<img loading=\"lazy\" decoding=\"async\" width=\"1024\" height=\"683\" src=\"https:\/\/cafebryggan.fi\/wp-content\/uploads\/2021\/02\/IMG_4668-1024x683.jpg\" class=\"attachment-large size-large wp-image-113\" alt=\"\" srcset=\"https:\/\/cafebryggan.fi\/wp-content\/uploads\/2021\/02\/IMG_4668-1024x683.jpg 1024w, https:\/\/cafebryggan.fi\/wp-content\/uploads\/2021\/02\/IMG_4668-300x200.jpg 300w, https:\/\/cafebryggan.fi\/wp-content\/uploads\/2021\/02\/IMG_4668-768x512.jpg 768w, https:\/\/cafebryggan.fi\/wp-content\/uploads\/2021\/02\/IMG_4668-930x620.jpg 930w, https:\/\/cafebryggan.fi\/wp-content\/uploads\/2021\/02\/IMG_4668.jpg 1200w\" sizes=\"(max-width: 1024px) 100vw, 1024px\" \/>\t\t\t\t\t\t\t\t<\/a>\n\t\t\t\t\t\t\t\t\t\t\t<figcaption class=\"widget-image-caption wp-caption-text\">\u00d6jan saaristopolku on 22 km pitk\u00e4, vaihtelevamaastoinen vaelluspolku jota voi vaeltaa eri pituisia matkoja. Infotaulu l\u00f6ytyy Caf\u00e9 Brygganin vierest\u00e4. Lataa kartta klikkaamalla kuvaa!<\/figcaption>\n\t\t\t\t\t\t\t\t\t\t<\/figure>\n\t\t\t\t\t\t\t\t\t<\/div>\n\t\t\t\t<\/div>\n\t\t\t\t\t<\/div>\n\t\t<\/div>\n\t\t\t\t<div class=\"elementor-column elementor-col-25 elementor-top-column elementor-element elementor-element-6a91275\" data-id=\"6a91275\" data-element_type=\"column\">\n\t\t\t<div class=\"elementor-widget-wrap elementor-element-populated\">\n\t\t\t\t\t\t<div class=\"elementor-element elementor-element-913aeff elementor-widget elementor-widget-image\" data-id=\"913aeff\" data-element_type=\"widget\" data-widget_type=\"image.default\">\n\t\t\t\t<div class=\"elementor-widget-container\">\n\t\t\t\t\t\t\t\t\t\t\t\t<figure class=\"wp-caption\">\n\t\t\t\t\t\t\t\t\t\t<img loading=\"lazy\" decoding=\"async\" width=\"1024\" height=\"683\" src=\"https:\/\/cafebryggan.fi\/wp-content\/uploads\/2021\/02\/IMG_6214-1024x683.jpg\" class=\"attachment-large size-large wp-image-33\" alt=\"\" srcset=\"https:\/\/cafebryggan.fi\/wp-content\/uploads\/2021\/02\/IMG_6214-1024x683.jpg 1024w, https:\/\/cafebryggan.fi\/wp-content\/uploads\/2021\/02\/IMG_6214-300x200.jpg 300w, https:\/\/cafebryggan.fi\/wp-content\/uploads\/2021\/02\/IMG_6214-768x512.jpg 768w, https:\/\/cafebryggan.fi\/wp-content\/uploads\/2021\/02\/IMG_6214-930x620.jpg 930w, https:\/\/cafebryggan.fi\/wp-content\/uploads\/2021\/02\/IMG_6214.jpg 1200w\" sizes=\"(max-width: 1024px) 100vw, 1024px\" \/>\t\t\t\t\t\t\t\t\t\t\t<figcaption class=\"widget-image-caption wp-caption-text\">Tunnelmalliset tilaisuudet kauniin saaristomaiseman ymp\u00e4r\u00f6im\u00e4n\u00e4. <\/figcaption>\n\t\t\t\t\t\t\t\t\t\t<\/figure>\n\t\t\t\t\t\t\t\t\t<\/div>\n\t\t\t\t<\/div>\n\t\t\t\t\t<\/div>\n\t\t<\/div>\n\t\t\t\t\t<\/div>\n\t\t<\/section>\n\t\t\t\t<section class=\"elementor-section elementor-top-section elementor-element elementor-element-46b0b10 elementor-section-boxed elementor-section-height-default elementor-section-height-default\" data-id=\"46b0b10\" data-element_type=\"section\">\n\t\t\t\t\t\t<div class=\"elementor-container elementor-column-gap-default\">\n\t\t\t\t\t<div class=\"elementor-column elementor-col-100 elementor-top-column elementor-element elementor-element-e4fe24f\" data-id=\"e4fe24f\" data-element_type=\"column\">\n\t\t\t<div class=\"elementor-widget-wrap elementor-element-populated\">\n\t\t\t\t\t\t<div class=\"elementor-element elementor-element-01e5330 elementor-widget elementor-widget-spacer\" data-id=\"01e5330\" data-element_type=\"widget\" data-widget_type=\"spacer.default\">\n\t\t\t\t<div class=\"elementor-widget-container\">\n\t\t\t\t\t\t\t<div class=\"elementor-spacer\">\n\t\t\t<div class=\"elementor-spacer-inner\"><\/div>\n\t\t<\/div>\n\t\t\t\t\t\t<\/div>\n\t\t\t\t<\/div>\n\t\t\t\t\t<\/div>\n\t\t<\/div>\n\t\t\t\t\t<\/div>\n\t\t<\/section>\n\t\t\t\t<\/div>\n\t\t","protected":false},"excerpt":{"rendered":"<p>Kalastajakyl\u00e4 Kes\u00e4kausi 2025 Cafe Bryggan on nyt suljettu. Olemme avoinna ryhmille ymp\u00e4ri vuoden ja r\u00e4\u00e4t\u00e4l\u00f6imme el\u00e4mykset juuri teille! Varaukset ja lis\u00e4tiedot: info@cafebryggan.fi. Kalastajakyl\u00e4 Kes\u00e4kahvila laiturilla, tilausravintola, uimaranta,vierassatama ja vaelluspolut.Tutustu my\u00f6s yritys- ja juhlapalveluihimme. \u00a0 Vierassatama Caf\u00e9 Brygganin vierassatama (Bod\u00f6).Vierassatamaamme mahtuu noin 10 venett\u00e4. Sataman syvyys 1,5-2 metri\u00e4. Satamamaksu 10\u20ac (s\u00e4hk\u00f6-, wc- ja suihkumahdollisuus kuuluu hintaan)Kiinnitys:&hellip;&nbsp;<a href=\"https:\/\/cafebryggan.fi\/?page_id=312&#038;lang=fi\" rel=\"bookmark\">Lue lis\u00e4\u00e4 &raquo;<span class=\"screen-reader-text\">Fiskarbyn<\/span><\/a><\/p>\n","protected":false},"author":2,"featured_media":0,"parent":0,"menu_order":0,"comment_status":"closed","ping_status":"closed","template":"page-templates\/template-pagebuilder-full-width.php","meta":{"neve_meta_sidebar":"full-width","neve_meta_container":"","neve_meta_enable_content_width":"on","neve_meta_content_width":100,"neve_meta_title_alignment":"","neve_meta_author_avatar":"","neve_post_elements_order":"","neve_meta_disable_header":"","neve_meta_disable_footer":"","neve_meta_disable_title":"","footnotes":""},"class_list":["post-312","page","type-page","status-publish","hentry"],"_links":{"self":[{"href":"https:\/\/cafebryggan.fi\/index.php?rest_route=\/wp\/v2\/pages\/312","targetHints":{"allow":["GET"]}}],"collection":[{"href":"https:\/\/cafebryggan.fi\/index.php?rest_route=\/wp\/v2\/pages"}],"about":[{"href":"https:\/\/cafebryggan.fi\/index.php?rest_route=\/wp\/v2\/types\/page"}],"author":[{"embeddable":true,"href":"https:\/\/cafebryggan.fi\/index.php?rest_route=\/wp\/v2\/users\/2"}],"replies":[{"embeddable":true,"href":"https:\/\/cafebryggan.fi\/index.php?rest_route=%2Fwp%2Fv2%2Fcomments&post=312"}],"version-history":[{"count":208,"href":"https:\/\/cafebryggan.fi\/index.php?rest_route=\/wp\/v2\/pages\/312\/revisions"}],"predecessor-version":[{"id":1292,"href":"https:\/\/cafebryggan.fi\/index.php?rest_route=\/wp\/v2\/pages\/312\/revisions\/1292"}],"wp:attachment":[{"href":"https:\/\/cafebryggan.fi\/index.php?rest_route=%2Fwp%2Fv2%2Fmedia&parent=312"}],"curies":[{"name":"wp","href":"https:\/\/api.w.org\/{rel}","templated":true}]}}