{"id":254,"date":"2021-03-02T14:09:51","date_gmt":"2021-03-02T12:09:51","guid":{"rendered":"https:\/\/cafebryggan.fi\/?page_id=254"},"modified":"2021-12-09T10:29:48","modified_gmt":"2021-12-09T08:29:48","slug":"grupper","status":"publish","type":"page","link":"https:\/\/cafebryggan.fi\/?page_id=254","title":{"rendered":"Grupper"},"content":{"rendered":"\n<div class=\"wp-block-cover has-background-dim-20 has-background-dim\"><img fetchpriority=\"high\" decoding=\"async\" width=\"2560\" height=\"1707\" class=\"wp-block-cover__image-background wp-image-688\" alt=\"\" src=\"https:\/\/cafebryggan.fi\/wp-content\/uploads\/2021\/12\/061A3847-3-scaled.jpg\" style=\"object-position:54% 44%\" data-object-fit=\"cover\" data-object-position=\"54% 44%\" srcset=\"https:\/\/cafebryggan.fi\/wp-content\/uploads\/2021\/12\/061A3847-3-scaled.jpg 2560w, https:\/\/cafebryggan.fi\/wp-content\/uploads\/2021\/12\/061A3847-3-300x200.jpg 300w, https:\/\/cafebryggan.fi\/wp-content\/uploads\/2021\/12\/061A3847-3-1024x683.jpg 1024w, https:\/\/cafebryggan.fi\/wp-content\/uploads\/2021\/12\/061A3847-3-768x512.jpg 768w, https:\/\/cafebryggan.fi\/wp-content\/uploads\/2021\/12\/061A3847-3-1536x1024.jpg 1536w, https:\/\/cafebryggan.fi\/wp-content\/uploads\/2021\/12\/061A3847-3-2048x1366.jpg 2048w, https:\/\/cafebryggan.fi\/wp-content\/uploads\/2021\/12\/061A3847-3-930x620.jpg 930w\" sizes=\"(max-width: 2560px) 100vw, 2560px\" \/><div class=\"wp-block-cover__inner-container is-layout-flow wp-block-cover-is-layout-flow\">\n<p class=\"has-text-align-center has-large-font-size\">Upplevelser \u00e5t grupper<\/p>\n<\/div><\/div>\n\n\n\n<div class=\"wp-block-columns is-layout-flex wp-container-core-columns-is-layout-9d6595d7 wp-block-columns-is-layout-flex\">\n<div class=\"wp-block-column is-layout-flow wp-block-column-is-layout-flow\">\n<hr class=\"wp-block-separator\"\/>\n\n\n\n<p class=\"has-text-align-center\">Storartade naturupplevelser med guide erbjuds \u00e5t grupper av olika slag.<br>Kom och uppleva sk\u00e4rg\u00e5rdsnaturen!<\/p>\n\n\n\n<hr class=\"wp-block-separator\"\/>\n\n\n\n<figure class=\"wp-block-gallery columns-3 is-cropped wp-block-gallery-1 is-layout-flex wp-block-gallery-is-layout-flex\"><ul class=\"blocks-gallery-grid\"><li class=\"blocks-gallery-item\"><figure><img decoding=\"async\" width=\"683\" height=\"1024\" src=\"https:\/\/cafebryggan.fi\/wp-content\/uploads\/2021\/12\/061A9558-683x1024.jpg\" alt=\"\" data-id=\"692\" data-full-url=\"https:\/\/cafebryggan.fi\/wp-content\/uploads\/2021\/12\/061A9558-scaled.jpg\" data-link=\"https:\/\/cafebryggan.fi\/?attachment_id=692\" class=\"wp-image-692\" srcset=\"https:\/\/cafebryggan.fi\/wp-content\/uploads\/2021\/12\/061A9558-683x1024.jpg 683w, https:\/\/cafebryggan.fi\/wp-content\/uploads\/2021\/12\/061A9558-200x300.jpg 200w, https:\/\/cafebryggan.fi\/wp-content\/uploads\/2021\/12\/061A9558-768x1152.jpg 768w, https:\/\/cafebryggan.fi\/wp-content\/uploads\/2021\/12\/061A9558-1024x1536.jpg 1024w, https:\/\/cafebryggan.fi\/wp-content\/uploads\/2021\/12\/061A9558-1365x2048.jpg 1365w, https:\/\/cafebryggan.fi\/wp-content\/uploads\/2021\/12\/061A9558-scaled.jpg 1707w\" sizes=\"(max-width: 683px) 100vw, 683px\" \/><\/figure><\/li><li class=\"blocks-gallery-item\"><figure><img decoding=\"async\" width=\"667\" height=\"1000\" src=\"https:\/\/cafebryggan.fi\/wp-content\/uploads\/2021\/03\/IMG_1351b.jpg\" alt=\"\" data-id=\"443\" data-full-url=\"https:\/\/cafebryggan.fi\/wp-content\/uploads\/2021\/03\/IMG_1351b.jpg\" data-link=\"https:\/\/cafebryggan.fi\/?attachment_id=443\" class=\"wp-image-443\" srcset=\"https:\/\/cafebryggan.fi\/wp-content\/uploads\/2021\/03\/IMG_1351b.jpg 667w, https:\/\/cafebryggan.fi\/wp-content\/uploads\/2021\/03\/IMG_1351b-200x300.jpg 200w\" sizes=\"(max-width: 667px) 100vw, 667px\" \/><\/figure><\/li><li class=\"blocks-gallery-item\"><figure><img loading=\"lazy\" decoding=\"async\" width=\"683\" height=\"1024\" src=\"https:\/\/cafebryggan.fi\/wp-content\/uploads\/2021\/12\/061A9209-683x1024.jpg\" alt=\"\" data-id=\"690\" data-full-url=\"https:\/\/cafebryggan.fi\/wp-content\/uploads\/2021\/12\/061A9209-scaled.jpg\" data-link=\"https:\/\/cafebryggan.fi\/?attachment_id=690\" class=\"wp-image-690\" srcset=\"https:\/\/cafebryggan.fi\/wp-content\/uploads\/2021\/12\/061A9209-683x1024.jpg 683w, https:\/\/cafebryggan.fi\/wp-content\/uploads\/2021\/12\/061A9209-200x300.jpg 200w, https:\/\/cafebryggan.fi\/wp-content\/uploads\/2021\/12\/061A9209-768x1152.jpg 768w, https:\/\/cafebryggan.fi\/wp-content\/uploads\/2021\/12\/061A9209-1024x1536.jpg 1024w, https:\/\/cafebryggan.fi\/wp-content\/uploads\/2021\/12\/061A9209-1365x2048.jpg 1365w, https:\/\/cafebryggan.fi\/wp-content\/uploads\/2021\/12\/061A9209-scaled.jpg 1707w\" sizes=\"(max-width: 683px) 100vw, 683px\" \/><\/figure><\/li><\/ul><\/figure>\n<\/div>\n<\/div>\n","protected":false},"excerpt":{"rendered":"<p>Storartade naturupplevelser med guide erbjuds \u00e5t grupper av olika slag.Kom och uppleva sk\u00e4rg\u00e5rdsnaturen!<\/p>\n","protected":false},"author":2,"featured_media":0,"parent":0,"menu_order":0,"comment_status":"closed","ping_status":"closed","template":"","meta":{"neve_meta_sidebar":"full-width","neve_meta_container":"","neve_meta_enable_content_width":"on","neve_meta_content_width":100,"neve_meta_title_alignment":"","neve_meta_author_avatar":"","neve_post_elements_order":"","neve_meta_disable_header":"","neve_meta_disable_footer":"","neve_meta_disable_title":"","footnotes":""},"class_list":["post-254","page","type-page","status-publish","hentry"],"_links":{"self":[{"href":"https:\/\/cafebryggan.fi\/index.php?rest_route=\/wp\/v2\/pages\/254","targetHints":{"allow":["GET"]}}],"collection":[{"href":"https:\/\/cafebryggan.fi\/index.php?rest_route=\/wp\/v2\/pages"}],"about":[{"href":"https:\/\/cafebryggan.fi\/index.php?rest_route=\/wp\/v2\/types\/page"}],"author":[{"embeddable":true,"href":"https:\/\/cafebryggan.fi\/index.php?rest_route=\/wp\/v2\/users\/2"}],"replies":[{"embeddable":true,"href":"https:\/\/cafebryggan.fi\/index.php?rest_route=%2Fwp%2Fv2%2Fcomments&post=254"}],"version-history":[{"count":6,"href":"https:\/\/cafebryggan.fi\/index.php?rest_route=\/wp\/v2\/pages\/254\/revisions"}],"predecessor-version":[{"id":693,"href":"https:\/\/cafebryggan.fi\/index.php?rest_route=\/wp\/v2\/pages\/254\/revisions\/693"}],"wp:attachment":[{"href":"https:\/\/cafebryggan.fi\/index.php?rest_route=%2Fwp%2Fv2%2Fmedia&parent=254"}],"curies":[{"name":"wp","href":"https:\/\/api.w.org\/{rel}","templated":true}]}}