{"id":1094,"date":"2024-09-20T15:24:57","date_gmt":"2024-09-20T12:24:57","guid":{"rendered":"https:\/\/cafebryggan.fi\/?page_id=1094"},"modified":"2024-09-20T15:24:57","modified_gmt":"2024-09-20T12:24:57","slug":"tule-toihin-meille","status":"publish","type":"page","link":"https:\/\/cafebryggan.fi\/?page_id=1094","title":{"rendered":"Tule t\u00f6ihin meille"},"content":{"rendered":"\n<p>KOKKI \u00d6JA KYL\u00c4KESKUKSEEN <br>Etsimme innostunutta kokkia kokop\u00e4iv\u00e4t\u00f6ihin valmistamaan herkullista ja ravitsevaa ruokaa keitti\u00f6ss\u00e4mme \u00d6ja Kyl\u00e4keskuksessa. <br>P\u00e4\u00e4teht\u00e4v\u00e4n\u00e4si on valmistaa aterioita p\u00e4iv\u00e4kodin, esikoulun ja koulun lapsille, noin 70 annosta p\u00e4iv\u00e4ss\u00e4. <br>Kaikki ruoat valmistetaan omassa keitti\u00f6ss\u00e4mme, ja painotamme laadukkaita ja ravitsevia aterioita. <br>Ty\u00f6aika on p\u00e4\u00e4s\u00e4\u00e4nt\u00f6isesti arkisin klo 07-15. <br>Ty\u00f6 alkaa lokakuun lopulla tai aikaisemmin jos vaan sopii. <br><strong>Teht\u00e4v\u00e4t: <\/strong><br>&#8211; P\u00e4ivitt\u00e4isten aterioiden valmistaminen lapsille ja nuorille (n. 70 annosta p\u00e4iv\u00e4ss\u00e4). <br>&#8211; Raaka-aineiden tilaaminen ja ateriioiden valmistelu valmiiden listojen mukaan. <br>&#8211; Osallistuminen catering-toimeksiantoihin, juhla-aterioiden valmistukseen ja kokouspalveluihin yhdess\u00e4 tiimin kanssa. <br>&#8211; Korkean hygieniatason yll\u00e4pit\u00e4minen keitti\u00f6ss\u00e4. Ominaisuudet: <br>&#8211; Koulutettu kokki tai vastaava kokemus ruoanlaitosta. Kokemusta ruoan valmistamisesta suurissa m\u00e4\u00e4riss\u00e4, mielell\u00e4\u00e4n kouluissa tai p\u00e4iv\u00e4kodeissa. <br>&#8211; Kyky ty\u00f6skennell\u00e4 itsen\u00e4isesti sek\u00e4 osana tiimi\u00e4. <br>&#8211; Luova, j\u00e4rjestelm\u00e4llinen ja intohimoinen terveellisen ja maukkaan ruoan valmistaja. <br>&#8211; Erityisruokavalioiden ja allergia-aterioiden tuntemus katsotaan eduksi. <br><strong>Tarjoamme<\/strong>: <br>&#8211; Mukavan ty\u00f6ymp\u00e4rist\u00f6n luonnonkauniissa ymp\u00e4rist\u00f6ss\u00e4. <br>&#8211; Mahdollisuuden luovuuteen keitti\u00f6ss\u00e4 ja panostaa lasten ruokailukokemuksiin. <br>&#8211; Joustavat ty\u00f6teht\u00e4v\u00e4t, mukaan lukien catering ja juhlapalvelut. <br>&#8211; Tiimimme tarjoaa tukea ja perehdytyksen teht\u00e4v\u00e4\u00e4n. <br>&#8211; K\u00e4yt\u00e4mme MaRan TES Kiinnostuitko? <br>L\u00e4het\u00e4 hakemuksesi meille viimeist\u00e4\u00e4n 7.10.2024 ja liity osaksi upeaa tiimi\u00e4mme \u00d6ja Kyl\u00e4keskuksessa!<br>Lis\u00e4tietoa:  info@cafebryggan.fi &#8211; 0503377522<\/p>\n","protected":false},"excerpt":{"rendered":"<p>KOKKI \u00d6JA KYL\u00c4KESKUKSEEN Etsimme innostunutta kokkia kokop\u00e4iv\u00e4t\u00f6ihin valmistamaan herkullista ja ravitsevaa ruokaa keitti\u00f6ss\u00e4mme \u00d6ja Kyl\u00e4keskuksessa. P\u00e4\u00e4teht\u00e4v\u00e4n\u00e4si on valmistaa aterioita p\u00e4iv\u00e4kodin, esikoulun ja koulun lapsille, noin 70 annosta p\u00e4iv\u00e4ss\u00e4. Kaikki ruoat valmistetaan omassa keitti\u00f6ss\u00e4mme, ja painotamme laadukkaita ja ravitsevia aterioita. Ty\u00f6aika on p\u00e4\u00e4s\u00e4\u00e4nt\u00f6isesti arkisin klo 07-15. Ty\u00f6 alkaa lokakuun lopulla tai aikaisemmin jos vaan sopii. Teht\u00e4v\u00e4t:&hellip;&nbsp;<a href=\"https:\/\/cafebryggan.fi\/?page_id=1094\" rel=\"bookmark\">Lue lis\u00e4\u00e4 &raquo;<span class=\"screen-reader-text\">Tule t\u00f6ihin meille<\/span><\/a><\/p>\n","protected":false},"author":2,"featured_media":0,"parent":0,"menu_order":0,"comment_status":"closed","ping_status":"closed","template":"","meta":{"neve_meta_sidebar":"","neve_meta_container":"","neve_meta_enable_content_width":"","neve_meta_content_width":0,"neve_meta_title_alignment":"","neve_meta_author_avatar":"","neve_post_elements_order":"","neve_meta_disable_header":"","neve_meta_disable_footer":"","neve_meta_disable_title":"","footnotes":""},"class_list":["post-1094","page","type-page","status-publish","hentry"],"_links":{"self":[{"href":"https:\/\/cafebryggan.fi\/index.php?rest_route=\/wp\/v2\/pages\/1094","targetHints":{"allow":["GET"]}}],"collection":[{"href":"https:\/\/cafebryggan.fi\/index.php?rest_route=\/wp\/v2\/pages"}],"about":[{"href":"https:\/\/cafebryggan.fi\/index.php?rest_route=\/wp\/v2\/types\/page"}],"author":[{"embeddable":true,"href":"https:\/\/cafebryggan.fi\/index.php?rest_route=\/wp\/v2\/users\/2"}],"replies":[{"embeddable":true,"href":"https:\/\/cafebryggan.fi\/index.php?rest_route=%2Fwp%2Fv2%2Fcomments&post=1094"}],"version-history":[{"count":1,"href":"https:\/\/cafebryggan.fi\/index.php?rest_route=\/wp\/v2\/pages\/1094\/revisions"}],"predecessor-version":[{"id":1096,"href":"https:\/\/cafebryggan.fi\/index.php?rest_route=\/wp\/v2\/pages\/1094\/revisions\/1096"}],"wp:attachment":[{"href":"https:\/\/cafebryggan.fi\/index.php?rest_route=%2Fwp%2Fv2%2Fmedia&parent=1094"}],"curies":[{"name":"wp","href":"https:\/\/api.w.org\/{rel}","templated":true}]}}